{"id":419,"date":"2023-03-15T11:26:39","date_gmt":"2023-03-15T10:26:39","guid":{"rendered":"https:\/\/solidarite-au-sahel.be\/?page_id=419"},"modified":"2023-03-16T10:21:44","modified_gmt":"2023-03-16T09:21:44","slug":"nos-projets-passes","status":"publish","type":"page","link":"http:\/\/solidarite-au-sahel.be\/index.php\/nos-projets-passes\/","title":{"rendered":"Projets pass\u00e9s"},"content":{"rendered":"\n<p class=\"has-cyan-bluish-gray-color has-text-color has-small-font-size\"><a href=\"https:\/\/solidarite-au-sahel.be\/index.php\/nos-actions\/\">Nos actions<\/a> | Projets pass\u00e9s<\/p>\n\n\n\n<div class=\"wp-block-group alignfull has-white-background-color has-background\"><div class=\"wp-block-group__inner-container is-layout-flow wp-block-group-is-layout-flow\">\n<h3 class=\"has-text-align-left wp-block-heading\">2001<\/h3>\n\n\n\n<p>L\u2019ann\u00e9e 2001 fut d\u00e9cisive pour SAS suite au voyage de deux de ses membres au Burkina. L\u2019\u00e9lan \u00e9tait donn\u00e9 et le partenariat avec le Burkina s\u2019est alors r\u00e9orient\u00e9.<\/p>\n\n\n\n<div class=\"wp-block-group is-nowrap is-layout-flex wp-container-core-group-is-layout-64989fb1 wp-block-group-is-layout-flex\">\n<figure class=\"wp-block-image size-full\"><img loading=\"lazy\" decoding=\"async\" width=\"275\" height=\"184\" src=\"https:\/\/solidarite-au-sahel.be\/wp-content\/uploads\/2023\/03\/voyage01-1.jpg\" alt=\"\" class=\"wp-image-525\"\/><\/figure>\n\n\n\n<figure class=\"wp-block-image size-full\"><img loading=\"lazy\" decoding=\"async\" width=\"280\" height=\"184\" src=\"http:\/\/solidarite-au-sahel.be\/wp-content\/uploads\/2023\/03\/voyage02.jpg\" alt=\"\" class=\"wp-image-461\"\/><\/figure>\n<\/div>\n<\/div><\/div>\n\n\n\n<div class=\"wp-block-group alignfull has-black-background-color has-background\"><div class=\"wp-block-group__inner-container is-layout-flow wp-block-group-is-layout-flow\">\n<h3 class=\"has-text-align-left has-white-color has-text-color wp-block-heading\">2005<\/h3>\n\n\n\n<p class=\"has-white-color has-text-color\">En 2005, du concept des aides ponctuelles, l\u2019ASBL a \u00e9volu\u00e9 vers un nouveau principe : le d\u00e9veloppement durable. Des formations et des rencontres avec des professionnels en Belgique et au Burkina ont alors dirig\u00e9 nos actions vers des projets visant principalement l\u2019apport d\u2019EAU POTABLE dans les r\u00e9gions d\u00e9favoris\u00e9es et aux abords des \u00e9coles. Il a aussi \u00e9t\u00e9 veill\u00e9 \u00e0 la formation des autochtones dans la perspective d\u2019une autonomie et d\u2019une autosuffisance \u00e9conomique.<\/p>\n\n\n\n<div class=\"wp-block-group is-nowrap is-layout-flex wp-container-core-group-is-layout-64989fb1 wp-block-group-is-layout-flex\">\n<figure class=\"wp-block-image size-full\"><img loading=\"lazy\" decoding=\"async\" width=\"289\" height=\"223\" src=\"https:\/\/solidarite-au-sahel.be\/wp-content\/uploads\/2023\/03\/forage01-2.jpg\" alt=\"\" class=\"wp-image-529\"\/><figcaption class=\"wp-element-caption\">Un forage aliment\u00e9 par un panneau solaire<\/figcaption><\/figure>\n\n\n\n<figure class=\"wp-block-image size-full is-style-default\"><img loading=\"lazy\" decoding=\"async\" width=\"299\" height=\"223\" src=\"https:\/\/solidarite-au-sahel.be\/wp-content\/uploads\/2023\/03\/forage02-1.jpg\" alt=\"\" class=\"wp-image-527\"\/><figcaption class=\"wp-element-caption\">L\u2019eau coule !!!<\/figcaption><\/figure>\n<\/div>\n<\/div><\/div>\n\n\n\n<div class=\"wp-block-group alignfull has-background\" style=\"background-color:#ec790a\"><div class=\"wp-block-group__inner-container is-layout-flow wp-block-group-is-layout-flow\">\n<h2 class=\"has-text-align-center has-white-color has-text-color wp-block-heading\">L\u2019heure est au bilan<\/h2>\n<\/div><\/div>\n\n\n\n<div class=\"wp-block-group alignfull has-background\" style=\"background-color:#dbc6b2\"><div class=\"wp-block-group__inner-container is-layout-flow wp-block-group-is-layout-flow\">\n<h3 class=\"has-text-align-left has-black-color has-text-color wp-block-heading\">A OURY (village initial)<\/h3>\n\n\n\n<p class=\"has-black-color has-text-color\"><strong>Un partenariat avec Mia des Pays-Bas&nbsp; et Joseph de Geel a permis \u00e0&nbsp; l\u2019Association de &nbsp;&nbsp;construire une \u00e9cole de 6 classes primaires munies&nbsp; de mat\u00e9riel et de mobilier scolaires.<\/strong><\/p>\n\n\n\n<div class=\"wp-block-group is-nowrap is-layout-flex wp-container-core-group-is-layout-64989fb1 wp-block-group-is-layout-flex\">\n<figure class=\"wp-block-image size-full\"><img loading=\"lazy\" decoding=\"async\" width=\"490\" height=\"453\" src=\"http:\/\/solidarite-au-sahel.be\/wp-content\/uploads\/2023\/03\/oury.jpg\" alt=\"\" class=\"wp-image-453\" srcset=\"http:\/\/solidarite-au-sahel.be\/wp-content\/uploads\/2023\/03\/oury.jpg 490w, http:\/\/solidarite-au-sahel.be\/wp-content\/uploads\/2023\/03\/oury-300x277.jpg 300w\" sizes=\"auto, (max-width: 490px) 100vw, 490px\" \/><\/figure>\n<\/div>\n\n\n\n<ul class=\"wp-block-list\">\n<li>Un forage (sur fond propre) a permis la plantation de manguiers sur un terrain d\u2019un hectare avec une cl\u00f4ture et une maison pour le gardien.<br><\/li>\n\n\n\n<li>Un second forage a \u00e9t\u00e9 r\u00e9alis\u00e9 pour le projet JACODA (Jardin Communautaire de Danabon) avec des subsides accord\u00e9s par la WBI (Wallonie-Bruxelles-International) en collaboration avec Madame Claire Avril, professeur \u00e0 la Haute Ecole Condorcet \u00e0 Ath.<br><\/li>\n\n\n\n<li>Un 3\u00e8me projet a vu le jour : le PHAO (Projet d\u2019Hygi\u00e8ne et d\u2019Assainissement \u00e0 Oury) en collaboration avec l\u2019AADC (Association pour l\u2019Action de D\u00e9veloppement Communautaire) de la Province du Hainaut.<\/li>\n<\/ul>\n\n\n\n<div class=\"wp-block-group is-nowrap is-layout-flex wp-container-core-group-is-layout-64989fb1 wp-block-group-is-layout-flex\">\n<figure class=\"wp-block-image size-full\"><img loading=\"lazy\" decoding=\"async\" width=\"204\" height=\"272\" src=\"https:\/\/solidarite-au-sahel.be\/wp-content\/uploads\/2023\/03\/phao01-1.jpg\" alt=\"\" class=\"wp-image-531\"\/><figcaption class=\"wp-element-caption\">Un manguier<\/figcaption><\/figure>\n\n\n\n<figure class=\"wp-block-image size-full\"><img loading=\"lazy\" decoding=\"async\" width=\"208\" height=\"272\" src=\"https:\/\/solidarite-au-sahel.be\/wp-content\/uploads\/2023\/03\/phao02-1.jpg\" alt=\"\" class=\"wp-image-532\"\/><figcaption class=\"wp-element-caption\">Claire Avril \u00e0 Jacoda<\/figcaption><\/figure>\n\n\n\n<figure class=\"wp-block-image size-full\"><img loading=\"lazy\" decoding=\"async\" width=\"363\" height=\"272\" src=\"https:\/\/solidarite-au-sahel.be\/wp-content\/uploads\/2023\/03\/latrines-1.jpg\" alt=\"\" class=\"wp-image-533\" srcset=\"http:\/\/solidarite-au-sahel.be\/wp-content\/uploads\/2023\/03\/latrines-1.jpg 363w, http:\/\/solidarite-au-sahel.be\/wp-content\/uploads\/2023\/03\/latrines-1-300x225.jpg 300w\" sizes=\"auto, (max-width: 363px) 100vw, 363px\" \/><figcaption class=\"wp-element-caption\">Les latrines \u00e0 Oury<\/figcaption><\/figure>\n<\/div>\n<\/div><\/div>\n\n\n\n<div class=\"wp-block-group alignfull has-white-background-color has-background\"><div class=\"wp-block-group__inner-container is-layout-flow wp-block-group-is-layout-flow\">\n<h3 class=\"has-text-align-left has-black-color has-text-color wp-block-heading\">A Niempiri<\/h3>\n\n\n\n<p>La r\u00e9fection de l\u2019\u00e9cole primaire fut men\u00e9e \u00e0 bien par Monsieur Jean-Baptiste Tond\u00e9.<br>Plus tard, un forage a \u00e9t\u00e9 r\u00e9alis\u00e9 gr\u00e2ce aux subsides de la \u00abFondation Roi Baudouin\u00bb. Un jardin potager a permis aux enfants de b\u00e9n\u00e9ficier d\u2019un repas \u00e9quilibr\u00e9 \u00e0 la cantine scolaire.<\/p>\n\n\n\n<div class=\"wp-block-group is-nowrap is-layout-flex wp-container-core-group-is-layout-64989fb1 wp-block-group-is-layout-flex\">\n<figure class=\"wp-block-image size-full\"><img loading=\"lazy\" decoding=\"async\" width=\"302\" height=\"215\" src=\"https:\/\/solidarite-au-sahel.be\/wp-content\/uploads\/2023\/03\/niempiri01-1.jpg\" alt=\"\" class=\"wp-image-535\" srcset=\"http:\/\/solidarite-au-sahel.be\/wp-content\/uploads\/2023\/03\/niempiri01-1.jpg 302w, http:\/\/solidarite-au-sahel.be\/wp-content\/uploads\/2023\/03\/niempiri01-1-300x214.jpg 300w\" sizes=\"auto, (max-width: 302px) 100vw, 302px\" \/><figcaption class=\"wp-element-caption\">L\u2019\u00e9cole de Niempiri<\/figcaption><\/figure>\n\n\n\n<figure class=\"wp-block-image size-full\"><img loading=\"lazy\" decoding=\"async\" width=\"286\" height=\"215\" src=\"https:\/\/solidarite-au-sahel.be\/wp-content\/uploads\/2023\/03\/niempiri02-1.jpg\" alt=\"\" class=\"wp-image-536\"\/><figcaption class=\"wp-element-caption\">Le puits qui alimentera le jardin potager<\/figcaption><\/figure>\n<\/div>\n<\/div><\/div>\n\n\n\n<div class=\"wp-block-group alignfull has-background\" style=\"background-color:#dbc6b2\"><div class=\"wp-block-group__inner-container is-layout-flow wp-block-group-is-layout-flow\">\n<h3 class=\"has-text-align-left has-black-color has-text-color wp-block-heading\">A Bissiri<\/h3>\n\n\n\n<p class=\"has-black-color has-text-color\"><strong>Gr\u00e2ce encore aux subsides accord\u00e9s par \u00ab la Fondation Roi Baudouin \u00bb, un forage a \u00e9t\u00e9 entrepris sous la houlette de Monsieur Cl\u00e9ment Ouedraogo et a permis aux habitants de cette r\u00e9gion du Sahel de profiter d\u2019un potager leur fournissant des tomates, aubergines, poivrons, haricots, etc\u2026<\/strong><\/p>\n\n\n\n<div class=\"wp-block-group is-nowrap is-layout-flex wp-container-core-group-is-layout-64989fb1 wp-block-group-is-layout-flex\">\n<figure class=\"wp-block-image size-full\"><img loading=\"lazy\" decoding=\"async\" width=\"376\" height=\"250\" src=\"https:\/\/solidarite-au-sahel.be\/wp-content\/uploads\/2023\/03\/bissiri01-1.jpg\" alt=\"\" class=\"wp-image-538\" srcset=\"http:\/\/solidarite-au-sahel.be\/wp-content\/uploads\/2023\/03\/bissiri01-1.jpg 376w, http:\/\/solidarite-au-sahel.be\/wp-content\/uploads\/2023\/03\/bissiri01-1-300x199.jpg 300w\" sizes=\"auto, (max-width: 376px) 100vw, 376px\" \/><figcaption class=\"wp-element-caption\">Le village de Bissiri : les masques \u00e0 l\u2019occasion de notre visite<\/figcaption><\/figure>\n\n\n\n<figure class=\"wp-block-image size-full\"><img loading=\"lazy\" decoding=\"async\" width=\"162\" height=\"251\" src=\"https:\/\/solidarite-au-sahel.be\/wp-content\/uploads\/2023\/03\/bissiri02-1.jpg\" alt=\"\" class=\"wp-image-539\"\/><figcaption class=\"wp-element-caption\">Le puits \u00e0 Bissiri<\/figcaption><\/figure>\n\n\n\n<figure class=\"wp-block-image size-full\"><img loading=\"lazy\" decoding=\"async\" width=\"333\" height=\"250\" src=\"https:\/\/solidarite-au-sahel.be\/wp-content\/uploads\/2023\/03\/bissiri03-1.jpg\" alt=\"\" class=\"wp-image-540\" srcset=\"http:\/\/solidarite-au-sahel.be\/wp-content\/uploads\/2023\/03\/bissiri03-1.jpg 333w, http:\/\/solidarite-au-sahel.be\/wp-content\/uploads\/2023\/03\/bissiri03-1-300x225.jpg 300w\" sizes=\"auto, (max-width: 333px) 100vw, 333px\" \/><figcaption class=\"wp-element-caption\">Une aubergine<\/figcaption><\/figure>\n<\/div>\n\n\n\n<p>En 2009, un conteneur rempli de livres p\u00e9dagogiques, de kits scolaires et de mat\u00e9riel m\u00e9dical a \u00e9t\u00e9 r\u00e9cup\u00e9r\u00e9 par leurs destinataires.<\/p>\n\n\n\n<div class=\"wp-block-group is-nowrap is-layout-flex wp-container-core-group-is-layout-64989fb1 wp-block-group-is-layout-flex\">\n<figure class=\"wp-block-image size-full\"><img loading=\"lazy\" decoding=\"async\" width=\"306\" height=\"200\" src=\"https:\/\/solidarite-au-sahel.be\/wp-content\/uploads\/2023\/03\/container01-1.jpg\" alt=\"\" class=\"wp-image-541\" srcset=\"http:\/\/solidarite-au-sahel.be\/wp-content\/uploads\/2023\/03\/container01-1.jpg 306w, http:\/\/solidarite-au-sahel.be\/wp-content\/uploads\/2023\/03\/container01-1-300x196.jpg 300w\" sizes=\"auto, (max-width: 306px) 100vw, 306px\" \/><figcaption class=\"wp-element-caption\">Chargement du conteneur<\/figcaption><\/figure>\n\n\n\n<figure class=\"wp-block-image size-full\"><img loading=\"lazy\" decoding=\"async\" width=\"306\" height=\"200\" src=\"https:\/\/solidarite-au-sahel.be\/wp-content\/uploads\/2023\/03\/matos-1.jpg\" alt=\"\" class=\"wp-image-542\" srcset=\"http:\/\/solidarite-au-sahel.be\/wp-content\/uploads\/2023\/03\/matos-1.jpg 306w, http:\/\/solidarite-au-sahel.be\/wp-content\/uploads\/2023\/03\/matos-1-300x196.jpg 300w\" sizes=\"auto, (max-width: 306px) 100vw, 306px\" \/><figcaption class=\"wp-element-caption\">Une partie du mat\u00e9riel m\u00e9dical<\/figcaption><\/figure>\n\n\n\n<figure class=\"wp-block-image size-full\"><img loading=\"lazy\" decoding=\"async\" width=\"306\" height=\"200\" src=\"https:\/\/solidarite-au-sahel.be\/wp-content\/uploads\/2023\/03\/colis01-1.jpg\" alt=\"\" class=\"wp-image-543\" srcset=\"http:\/\/solidarite-au-sahel.be\/wp-content\/uploads\/2023\/03\/colis01-1.jpg 306w, http:\/\/solidarite-au-sahel.be\/wp-content\/uploads\/2023\/03\/colis01-1-300x196.jpg 300w\" sizes=\"auto, (max-width: 306px) 100vw, 306px\" \/><figcaption class=\"wp-element-caption\">Arriv\u00e9e de colis \u00e0 Oury<\/figcaption><\/figure>\n<\/div>\n\n\n\n<div class=\"wp-block-group is-nowrap is-layout-flex wp-container-core-group-is-layout-64989fb1 wp-block-group-is-layout-flex\">\n<figure class=\"wp-block-image size-full\"><img loading=\"lazy\" decoding=\"async\" width=\"306\" height=\"200\" src=\"https:\/\/solidarite-au-sahel.be\/wp-content\/uploads\/2023\/03\/hosto-1.jpg\" alt=\"\" class=\"wp-image-544\" srcset=\"http:\/\/solidarite-au-sahel.be\/wp-content\/uploads\/2023\/03\/hosto-1.jpg 306w, http:\/\/solidarite-au-sahel.be\/wp-content\/uploads\/2023\/03\/hosto-1-300x196.jpg 300w\" sizes=\"auto, (max-width: 306px) 100vw, 306px\" \/><figcaption class=\"wp-element-caption\">H\u00f4pital de Bobo Dioulasso : rencontre avec le Dr Drabo<\/figcaption><\/figure>\n\n\n\n<figure class=\"wp-block-image size-full\"><img loading=\"lazy\" decoding=\"async\" width=\"306\" height=\"200\" src=\"https:\/\/solidarite-au-sahel.be\/wp-content\/uploads\/2023\/03\/lampes-1.jpg\" alt=\"\" class=\"wp-image-545\" srcset=\"http:\/\/solidarite-au-sahel.be\/wp-content\/uploads\/2023\/03\/lampes-1.jpg 306w, http:\/\/solidarite-au-sahel.be\/wp-content\/uploads\/2023\/03\/lampes-1-300x196.jpg 300w\" sizes=\"auto, (max-width: 306px) 100vw, 306px\" \/><figcaption class=\"wp-element-caption\">Lampes pour le bloc op\u00e9ratoire<\/figcaption><\/figure>\n\n\n\n<figure class=\"wp-block-image size-full\"><img loading=\"lazy\" decoding=\"async\" width=\"306\" height=\"200\" src=\"https:\/\/solidarite-au-sahel.be\/wp-content\/uploads\/2023\/03\/infor-2.jpg\" alt=\"\" class=\"wp-image-548\" srcset=\"http:\/\/solidarite-au-sahel.be\/wp-content\/uploads\/2023\/03\/infor-2.jpg 306w, http:\/\/solidarite-au-sahel.be\/wp-content\/uploads\/2023\/03\/infor-2-300x196.jpg 300w\" sizes=\"auto, (max-width: 306px) 100vw, 306px\" \/><figcaption class=\"wp-element-caption\">Mat\u00e9riel \u00e9lectronique<\/figcaption><\/figure>\n<\/div>\n<\/div><\/div>\n\n\n\n<div class=\"wp-block-cover alignfull has-parallax\"><span aria-hidden=\"true\" class=\"wp-block-cover__background has-black-background-color has-background-dim-60 has-background-dim\"><\/span><div role=\"img\" class=\"wp-block-cover__image-background wp-image-179 has-parallax\" style=\"background-position:50% 50%;background-image:url(http:\/\/solidarite-au-sahel.be\/wp-content\/uploads\/2023\/01\/IMG_0201.jpg)\"><\/div><div class=\"wp-block-cover__inner-container is-layout-flow wp-block-cover-is-layout-flow\">\n<div class=\"wp-block-group alignfull\"><div class=\"wp-block-group__inner-container is-layout-flow wp-block-group-is-layout-flow\">\n<h2 class=\"has-text-align-center has-white-color has-text-color wp-block-heading\">Les parrainages<\/h2>\n\n\n\n<p class=\"has-text-align-center has-white-color has-text-color has-medium-font-size\"><strong>Au cours de ces ann\u00e9es pass\u00e9es, actuelles et futures,&nbsp; une trentaine d\u2019enfants et \u00e9tudiants&nbsp; de l\u2019ASCED peuvent &nbsp;jouir de l\u2019aide financi\u00e8re de \u00ab&nbsp;parrains&nbsp;\u00bb&nbsp; qui ont contribu\u00e9 \u00e0 leur \u00e9ducation et \u00e0 leur instruction.<\/strong><\/p>\n\n\n\n<div class=\"wp-block-buttons is-layout-flex wp-block-buttons-is-layout-flex\">\n<div class=\"wp-block-button has-custom-font-size has-medium-font-size\"><a class=\"wp-block-button__link has-luminous-vivid-orange-background-color has-background wp-element-button\" href=\"http:\/\/solidarite-au-sahel.be\/wp-content\/uploads\/2023\/03\/lettre-parrainage.pdf\" target=\"_blank\" rel=\"noreferrer noopener\">Envie de parrainer un enfant ?<\/a><\/div>\n<\/div>\n\n\n\n<div style=\"height:20px\" aria-hidden=\"true\" class=\"wp-block-spacer\"><\/div>\n\n\n\n<p class=\"has-text-align-center has-white-color has-text-color has-medium-font-size\"><strong><strong>L\u2019\u00e9ducation des femmes, des adultes et des enfants est le plus b\u00e9n\u00e9fique de tous les investissements que l\u2019on puisse faire dans les communaut\u00e9s des pays en voie de d\u00e9veloppement.<\/strong><\/strong><\/p>\n<\/div><\/div>\n<\/div><\/div>\n\n\n\n<div class=\"wp-block-group alignfull has-background\" style=\"background-color:#dbc6b2\"><div class=\"wp-block-group__inner-container is-layout-flow wp-block-group-is-layout-flow\">\n<h2 class=\"has-text-align-left has-black-color has-text-color wp-block-heading\">L\u2019ASECD<\/h2>\n\n\n\n<p>Depuis 2010, SAS parraine principalement les enfants de l\u2019ASECD (Association de Soutien aux Enfants en Circonstances Difficiles), une importante ONG locale.<br>En 2022, SAS parrainait une bonne trentaine d\u2019enfants de diff\u00e9rents niveaux (primaire, secondaire et sup\u00e9rieur).<\/p>\n\n\n\n<div class=\"wp-block-buttons is-layout-flex wp-block-buttons-is-layout-flex\">\n<div class=\"wp-block-button\"><a class=\"wp-block-button__link wp-element-button\" href=\"http:\/\/solidarite-au-sahel.be\/wp-content\/uploads\/2023\/03\/asecd-1.pdf\" target=\"_blank\" rel=\"noreferrer noopener\">Pr\u00e9sentation de l&rsquo;ASECD<\/a><\/div>\n<\/div>\n\n\n\n<div style=\"height:40px\" aria-hidden=\"true\" class=\"wp-block-spacer\"><\/div>\n\n\n\n<div class=\"wp-block-group is-nowrap is-layout-flex wp-container-core-group-is-layout-64989fb1 wp-block-group-is-layout-flex\">\n<figure class=\"wp-block-image size-full\"><img loading=\"lazy\" decoding=\"async\" width=\"300\" height=\"200\" src=\"https:\/\/solidarite-au-sahel.be\/wp-content\/uploads\/2023\/03\/enfants01-1.jpg\" alt=\"\" class=\"wp-image-560\"\/><figcaption class=\"wp-element-caption\">Vaccination<\/figcaption><\/figure>\n\n\n\n<figure class=\"wp-block-image size-full\"><img loading=\"lazy\" decoding=\"async\" width=\"300\" height=\"200\" src=\"https:\/\/solidarite-au-sahel.be\/wp-content\/uploads\/2023\/03\/enfants02-1.jpg\" alt=\"\" class=\"wp-image-561\"\/><figcaption class=\"wp-element-caption\">Les petits<\/figcaption><\/figure>\n\n\n\n<figure class=\"wp-block-image size-full\"><img loading=\"lazy\" decoding=\"async\" width=\"300\" height=\"200\" src=\"https:\/\/solidarite-au-sahel.be\/wp-content\/uploads\/2023\/03\/enfants03-1.jpg\" alt=\"\" class=\"wp-image-562\"\/><figcaption class=\"wp-element-caption\">Nettoyage des ardoises<\/figcaption><\/figure>\n<\/div>\n\n\n\n<div style=\"height:100px\" aria-hidden=\"true\" class=\"wp-block-spacer\"><\/div>\n\n\n\n<p class=\"has-text-align-center\"><strong>Quelques r\u00e9citations&#8230;<\/strong><\/p>\n\n\n\n<div class=\"wp-block-group\"><div class=\"wp-block-group__inner-container is-layout-constrained wp-block-group-is-layout-constrained\">\n<div class=\"wp-block-responsive-lightbox-gallery\"><div class=\"rl-gallery-container rl-loading\" id=\"rl-gallery-container-1\" data-gallery_id=\"566\"> <div class=\"rl-gallery rl-basicgrid-gallery rl-hover-icon-10\" id=\"rl-gallery-1\" data-gallery_no=\"1\"> <div class=\"rl-gallery-item\"><a href=\"http:\/\/solidarite-au-sahel.be\/wp-content\/uploads\/2023\/03\/lettre03.jpg\" title=\"\" data-rl_title=\"\" class=\"rl-gallery-link\" data-rl_caption=\"\" data-rel=\"lightbox-gallery-1\"><img loading=\"lazy\" decoding=\"async\" src=\"http:\/\/solidarite-au-sahel.be\/wp-content\/uploads\/2023\/03\/lettre03.jpg\" width=\"665\" height=\"593\" alt=\"\" \/><\/a><\/div><div class=\"rl-gallery-item\"><a href=\"http:\/\/solidarite-au-sahel.be\/wp-content\/uploads\/2023\/03\/lettre02.jpg\" title=\"\" data-rl_title=\"\" class=\"rl-gallery-link\" data-rl_caption=\"\" data-rel=\"lightbox-gallery-1\"><img loading=\"lazy\" decoding=\"async\" src=\"http:\/\/solidarite-au-sahel.be\/wp-content\/uploads\/2023\/03\/lettre02.jpg\" width=\"538\" height=\"609\" alt=\"\" \/><\/a><\/div><div class=\"rl-gallery-item\"><a href=\"http:\/\/solidarite-au-sahel.be\/wp-content\/uploads\/2023\/03\/lettre01.jpg\" title=\"\" data-rl_title=\"\" class=\"rl-gallery-link\" data-rl_caption=\"\" data-rel=\"lightbox-gallery-1\"><img loading=\"lazy\" decoding=\"async\" src=\"http:\/\/solidarite-au-sahel.be\/wp-content\/uploads\/2023\/03\/lettre01.jpg\" width=\"501\" height=\"701\" alt=\"\" \/><\/a><\/div> <\/div> <\/div><\/div>\n<\/div><\/div>\n<\/div><\/div>\n","protected":false},"excerpt":{"rendered":"<p>Nos actions | Projets pass\u00e9s 2001 L\u2019ann\u00e9e 2001 fut d\u00e9cisive pour SAS suite au voyage de deux de ses membres au Burkina. L\u2019\u00e9lan \u00e9tait donn\u00e9 et le partenariat avec le Burkina s\u2019est alors r\u00e9orient\u00e9. 2005 En 2005, du concept des aides ponctuelles, l\u2019ASBL a \u00e9volu\u00e9 vers un nouveau principe : le d\u00e9veloppement durable. Des formations &hellip; <\/p>\n<p class=\"link-more\"><a href=\"http:\/\/solidarite-au-sahel.be\/index.php\/nos-projets-passes\/\" class=\"more-link\">Lire la suite de<span class=\"screen-reader-text\">\u00ab\u00a0Projets pass\u00e9s\u00a0\u00bb<\/span><\/a><\/p>\n","protected":false},"author":1,"featured_media":678,"parent":0,"menu_order":0,"comment_status":"closed","ping_status":"closed","template":"","meta":{"footnotes":""},"class_list":["post-419","page","type-page","status-publish","has-post-thumbnail","hentry"],"_links":{"self":[{"href":"http:\/\/solidarite-au-sahel.be\/index.php\/wp-json\/wp\/v2\/pages\/419","targetHints":{"allow":["GET"]}}],"collection":[{"href":"http:\/\/solidarite-au-sahel.be\/index.php\/wp-json\/wp\/v2\/pages"}],"about":[{"href":"http:\/\/solidarite-au-sahel.be\/index.php\/wp-json\/wp\/v2\/types\/page"}],"author":[{"embeddable":true,"href":"http:\/\/solidarite-au-sahel.be\/index.php\/wp-json\/wp\/v2\/users\/1"}],"replies":[{"embeddable":true,"href":"http:\/\/solidarite-au-sahel.be\/index.php\/wp-json\/wp\/v2\/comments?post=419"}],"version-history":[{"count":59,"href":"http:\/\/solidarite-au-sahel.be\/index.php\/wp-json\/wp\/v2\/pages\/419\/revisions"}],"predecessor-version":[{"id":781,"href":"http:\/\/solidarite-au-sahel.be\/index.php\/wp-json\/wp\/v2\/pages\/419\/revisions\/781"}],"wp:featuredmedia":[{"embeddable":true,"href":"http:\/\/solidarite-au-sahel.be\/index.php\/wp-json\/wp\/v2\/media\/678"}],"wp:attachment":[{"href":"http:\/\/solidarite-au-sahel.be\/index.php\/wp-json\/wp\/v2\/media?parent=419"}],"curies":[{"name":"wp","href":"https:\/\/api.w.org\/{rel}","templated":true}]}}