{"id":150,"date":"2023-01-25T16:12:29","date_gmt":"2023-01-25T15:12:29","guid":{"rendered":"https:\/\/solidarite-au-sahel.be\/Dm2616-ovh\/?page_id=150"},"modified":"2023-03-16T08:44:36","modified_gmt":"2023-03-16T07:44:36","slug":"nos-actions","status":"publish","type":"page","link":"https:\/\/solidarite-au-sahel.be\/index.php\/nos-actions\/","title":{"rendered":"NOS ACTIONS"},"content":{"rendered":"\n<p><strong>Notre r\u00f4le s\u2019implique autant au Sud qu\u2019au Nord en \u00e9tablissant des relations interg\u00e9n\u00e9rationnelles, culturelles et sociales.<\/strong><\/p>\n\n\n\n<p class=\"has-medium-font-size\"><strong>Au Sud :<\/strong><\/p>\n\n\n\n<p>Avec nos partenaires europ\u00e9ens et africains, notre ASBL \u00ab SAS \u00bb contribue \u00e0 la r\u00e9alisation de projets de d\u00e9veloppement visant la s\u00e9curit\u00e9 alimentaire en privil\u00e9giant les jeunes, les femmes et les paysans.<\/p>\n\n\n\n<p>Sas refuse l\u2019injustice et les conditions de vie indignes des autochtones. Une solidarit\u00e9 s\u2019installe dans la perspective de d\u00e9veloppement durable.<\/p>\n\n\n\n<p class=\"has-medium-font-size\"><strong>Au Nord :<\/strong><\/p>\n\n\n\n<p>\u00ab SAS \u00bb permet de sensibiliser le peuple belge \u00e0 un pays de l\u2019Afrique de l\u2019Ouest au Sahel. Ce pays : le Burkina Faso jouit d\u2019une autre culture que la n\u00f4tre avec soixante- deux ethnies. On attribue la paix sociale dans leur pays \u00e0 une pratique traditionnelle encore vivace : la parent\u00e9 \u00e0 plaisanterie. <\/p>\n\n\n\n<p>Ce pays souffre d\u2019une extr\u00eame s\u00e8cheresse et le manque d\u2019eau se fait sentir davantage chez les paysans et les cultivateurs.<\/p>\n\n\n\n<p>Les enfants sont les principales victimes de ce climat semi d\u00e9sertique car sous aliment\u00e9s donc non r\u00e9ceptifs \u00e0 l\u2019\u00e9cole. 6 enfants sur 10 ne vont pas \u00e0 l\u2019\u00e9cole.<\/p>\n\n\n\n<div style=\"height:40px\" aria-hidden=\"true\" class=\"wp-block-spacer\"><\/div>\n\n\n\n<div class=\"wp-block-group alignfull has-background is-vertical is-content-justification-center is-layout-flex wp-container-core-group-is-layout-4b2eccd6 wp-block-group-is-layout-flex\" style=\"background-color:#ec790a\">\n<div style=\"height:40px\" aria-hidden=\"true\" class=\"wp-block-spacer\"><\/div>\n\n\n\n<div class=\"wp-block-buttons is-layout-flex wp-block-buttons-is-layout-flex\">\n<div class=\"wp-block-button\"><a class=\"wp-block-button__link wp-element-button\" href=\"https:\/\/solidarite-au-sahel.be\/index.php\/nos-projets-passes\/\">Voir Nos projets pass\u00e9s<\/a><\/div>\n\n\n\n<div class=\"wp-block-button\"><a class=\"wp-block-button__link wp-element-button\" href=\"https:\/\/solidarite-au-sahel.be\/index.php\/projets-actuels\/\">Voir Nos projets actuels<\/a><\/div>\n\n\n\n<div class=\"wp-block-button\"><a class=\"wp-block-button__link wp-element-button\" href=\"https:\/\/solidarite-au-sahel.be\/index.php\/projets-futurs\/\">Voir Nos projets futurs<\/a><\/div>\n<\/div>\n\n\n\n<div style=\"height:40px\" aria-hidden=\"true\" class=\"wp-block-spacer\"><\/div>\n<\/div>\n","protected":false},"excerpt":{"rendered":"<p>Notre r\u00f4le s\u2019implique autant au Sud qu\u2019au Nord en \u00e9tablissant des relations interg\u00e9n\u00e9rationnelles, culturelles et sociales. Au Sud : Avec nos partenaires europ\u00e9ens et africains, notre ASBL \u00ab SAS \u00bb contribue \u00e0 la r\u00e9alisation de projets de d\u00e9veloppement visant la s\u00e9curit\u00e9 alimentaire en privil\u00e9giant les jeunes, les femmes et les paysans. Sas refuse l\u2019injustice et &hellip; <\/p>\n<p class=\"link-more\"><a href=\"https:\/\/solidarite-au-sahel.be\/index.php\/nos-actions\/\" class=\"more-link\">Lire la suite de<span class=\"screen-reader-text\">\u00ab\u00a0NOS ACTIONS\u00a0\u00bb<\/span><\/a><\/p>\n","protected":false},"author":1,"featured_media":155,"parent":0,"menu_order":0,"comment_status":"closed","ping_status":"closed","template":"","meta":{"footnotes":""},"class_list":["post-150","page","type-page","status-publish","has-post-thumbnail","hentry"],"_links":{"self":[{"href":"https:\/\/solidarite-au-sahel.be\/index.php\/wp-json\/wp\/v2\/pages\/150","targetHints":{"allow":["GET"]}}],"collection":[{"href":"https:\/\/solidarite-au-sahel.be\/index.php\/wp-json\/wp\/v2\/pages"}],"about":[{"href":"https:\/\/solidarite-au-sahel.be\/index.php\/wp-json\/wp\/v2\/types\/page"}],"author":[{"embeddable":true,"href":"https:\/\/solidarite-au-sahel.be\/index.php\/wp-json\/wp\/v2\/users\/1"}],"replies":[{"embeddable":true,"href":"https:\/\/solidarite-au-sahel.be\/index.php\/wp-json\/wp\/v2\/comments?post=150"}],"version-history":[{"count":37,"href":"https:\/\/solidarite-au-sahel.be\/index.php\/wp-json\/wp\/v2\/pages\/150\/revisions"}],"predecessor-version":[{"id":632,"href":"https:\/\/solidarite-au-sahel.be\/index.php\/wp-json\/wp\/v2\/pages\/150\/revisions\/632"}],"wp:featuredmedia":[{"embeddable":true,"href":"https:\/\/solidarite-au-sahel.be\/index.php\/wp-json\/wp\/v2\/media\/155"}],"wp:attachment":[{"href":"https:\/\/solidarite-au-sahel.be\/index.php\/wp-json\/wp\/v2\/media?parent=150"}],"curies":[{"name":"wp","href":"https:\/\/api.w.org\/{rel}","templated":true}]}}