{"id":175,"date":"2023-01-26T09:09:09","date_gmt":"2023-01-26T08:09:09","guid":{"rendered":"https:\/\/solidarite-au-sahel.be\/Dm2616-ovh\/?page_id=175"},"modified":"2023-03-21T16:43:18","modified_gmt":"2023-03-21T15:43:18","slug":"nous-soutenir","status":"publish","type":"page","link":"https:\/\/solidarite-au-sahel.be\/index.php\/nous-soutenir\/","title":{"rendered":"Nous soutenir"},"content":{"rendered":"\n<div style=\"height:40px\" aria-hidden=\"true\" class=\"wp-block-spacer\"><\/div>\n\n\n\n<p class=\"has-medium-font-size\">Notre ASBL a pour objectif actuel la construction de b\u00e2timents type : internat, latrines, b\u00e2timent pour la formation des jeunes , &#8230; Notre projet de 2023 est situ\u00e9 \u00e0  Loumbila, pr\u00e8s de Ouagadougou au Burkina Faso.<\/p>\n\n\n\n<div style=\"height:40px\" aria-hidden=\"true\" class=\"wp-block-spacer\"><\/div>\n\n\n\n<div class=\"wp-block-group alignfull has-white-color has-text-color has-background\" style=\"background-color:#9e511a\"><div class=\"wp-block-group__inner-container is-layout-flow wp-block-group-is-layout-flow\">\n<div style=\"height:50px\" aria-hidden=\"true\" class=\"wp-block-spacer\"><\/div>\n\n\n\n<div class=\"wp-block-columns is-layout-flex wp-container-core-columns-is-layout-9d6595d7 wp-block-columns-is-layout-flex\">\n<div class=\"wp-block-column is-layout-flow wp-block-column-is-layout-flow\" style=\"flex-basis:66.66%\">\n<h2 class=\"wp-block-heading\"><strong>Concr\u00e8tement vous pouvez :<\/strong><\/h2>\n\n\n\n<ul class=\"wp-block-list\">\n<li>Faire un don. D\u00e9ductible fiscalement \u00e0 partir de 40\u20ac par an sur le Compte BE59-1030-2581-7226.<\/li>\n\n\n\n<li>Venir \u00e0 nos \u00e9v\u00e8nements et vous en tenir informer : Festifasso, repas couscous, projection de films, vente d\u2019artisanat, etc.<\/li>\n<\/ul>\n<\/div>\n\n\n\n<div class=\"wp-block-column is-layout-flow wp-block-column-is-layout-flow\" style=\"flex-basis:33.33%\">\n<figure class=\"wp-block-image size-full\"><img loading=\"lazy\" decoding=\"async\" width=\"960\" height=\"960\" src=\"http:\/\/solidarite-au-sahel.be\/Dm2616-ovh\/wp-content\/uploads\/2023\/01\/IMG_0201.jpg\" alt=\"\" class=\"wp-image-179\" srcset=\"https:\/\/solidarite-au-sahel.be\/wp-content\/uploads\/2023\/01\/IMG_0201.jpg 960w, https:\/\/solidarite-au-sahel.be\/wp-content\/uploads\/2023\/01\/IMG_0201-300x300.jpg 300w, https:\/\/solidarite-au-sahel.be\/wp-content\/uploads\/2023\/01\/IMG_0201-150x150.jpg 150w, https:\/\/solidarite-au-sahel.be\/wp-content\/uploads\/2023\/01\/IMG_0201-768x768.jpg 768w\" sizes=\"auto, (max-width: 960px) 100vw, 960px\" \/><\/figure>\n<\/div>\n<\/div>\n<\/div><\/div>\n\n\n\n<div class=\"wp-block-cover alignfull has-parallax\"><span aria-hidden=\"true\" class=\"wp-block-cover__background has-black-background-color has-background-dim-60 has-background-dim\"><\/span><div role=\"img\" class=\"wp-block-cover__image-background wp-image-179 has-parallax\" style=\"background-position:50% 50%;background-image:url(http:\/\/solidarite-au-sahel.be\/wp-content\/uploads\/2023\/01\/IMG_0201.jpg)\"><\/div><div class=\"wp-block-cover__inner-container is-layout-flow wp-block-cover-is-layout-flow\">\n<div class=\"wp-block-group alignfull\"><div class=\"wp-block-group__inner-container is-layout-flow wp-block-group-is-layout-flow\">\n<h2 class=\"has-text-align-center has-white-color has-text-color wp-block-heading\">Les parrainages<\/h2>\n\n\n\n<p class=\"has-text-align-center has-white-color has-text-color has-medium-font-size\"><strong>Au cours de ces ann\u00e9es pass\u00e9es, actuelles et futures,&nbsp; une trentaine d\u2019enfants et \u00e9tudiants&nbsp; de l\u2019ASCED peuvent &nbsp;jouir de l\u2019aide financi\u00e8re de \u00ab&nbsp;parrains&nbsp;\u00bb&nbsp; qui ont contribu\u00e9 \u00e0 leur \u00e9ducation et \u00e0 leur instruction.<\/strong><\/p>\n\n\n\n<div class=\"wp-block-buttons is-layout-flex wp-block-buttons-is-layout-flex\">\n<div class=\"wp-block-button has-custom-font-size has-medium-font-size\"><a class=\"wp-block-button__link has-luminous-vivid-orange-background-color has-background wp-element-button\" href=\"https:\/\/solidarite-au-sahel.be\/index.php\/parrainages\/\">Envie de parrainer un enfant ?<\/a><\/div>\n<\/div>\n\n\n\n<div style=\"height:20px\" aria-hidden=\"true\" class=\"wp-block-spacer\"><\/div>\n\n\n\n<p class=\"has-text-align-center has-white-color has-text-color has-medium-font-size\"><strong><strong>L\u2019\u00e9ducation des femmes, des adultes et des enfants est le plus b\u00e9n\u00e9fique de tous les investissements que l\u2019on puisse faire dans les communaut\u00e9s des pays en voie de d\u00e9veloppement.<\/strong><\/strong><\/p>\n<\/div><\/div>\n<\/div><\/div>\n","protected":false},"excerpt":{"rendered":"<p>Notre ASBL a pour objectif actuel la construction de b\u00e2timents type : internat, latrines, b\u00e2timent pour la formation des jeunes , &#8230; Notre projet de 2023 est situ\u00e9 \u00e0 Loumbila, pr\u00e8s de Ouagadougou au Burkina Faso. Concr\u00e8tement vous pouvez :<\/p>\n","protected":false},"author":1,"featured_media":171,"parent":0,"menu_order":0,"comment_status":"closed","ping_status":"closed","template":"","meta":{"footnotes":""},"class_list":["post-175","page","type-page","status-publish","has-post-thumbnail","hentry"],"_links":{"self":[{"href":"https:\/\/solidarite-au-sahel.be\/index.php\/wp-json\/wp\/v2\/pages\/175","targetHints":{"allow":["GET"]}}],"collection":[{"href":"https:\/\/solidarite-au-sahel.be\/index.php\/wp-json\/wp\/v2\/pages"}],"about":[{"href":"https:\/\/solidarite-au-sahel.be\/index.php\/wp-json\/wp\/v2\/types\/page"}],"author":[{"embeddable":true,"href":"https:\/\/solidarite-au-sahel.be\/index.php\/wp-json\/wp\/v2\/users\/1"}],"replies":[{"embeddable":true,"href":"https:\/\/solidarite-au-sahel.be\/index.php\/wp-json\/wp\/v2\/comments?post=175"}],"version-history":[{"count":28,"href":"https:\/\/solidarite-au-sahel.be\/index.php\/wp-json\/wp\/v2\/pages\/175\/revisions"}],"predecessor-version":[{"id":791,"href":"https:\/\/solidarite-au-sahel.be\/index.php\/wp-json\/wp\/v2\/pages\/175\/revisions\/791"}],"wp:featuredmedia":[{"embeddable":true,"href":"https:\/\/solidarite-au-sahel.be\/index.php\/wp-json\/wp\/v2\/media\/171"}],"wp:attachment":[{"href":"https:\/\/solidarite-au-sahel.be\/index.php\/wp-json\/wp\/v2\/media?parent=175"}],"curies":[{"name":"wp","href":"https:\/\/api.w.org\/{rel}","templated":true}]}}