{"id":6,"date":"2023-01-25T11:25:49","date_gmt":"2023-01-25T10:25:49","guid":{"rendered":"https:\/\/solidarite-au-sahel.be\/Dm2616-ovh\/?page_id=6"},"modified":"2025-06-24T08:19:01","modified_gmt":"2025-06-24T06:19:01","slug":"beaux-portfolios-pour-des-creatifs-exceptionnels","status":"publish","type":"page","link":"https:\/\/solidarite-au-sahel.be\/","title":{"rendered":"Qui sommes-nous ?"},"content":{"rendered":"\n<p class=\"has-text-align-left\">Notre ASBL&nbsp;\u00ab\u00a0SAS\u00a0\u00bb ou \u00ab\u00a0Solidarit\u00e9 au Sahel\u00a0\u00bb d\u00e9veloppe des actions au Burkina Faso en partenariat avec la Haute Ecole Condorcet, la BWI, la Fondation roi Baudouin et BPost.<\/p>\n\n\n\n<p class=\"has-text-align-left\">&nbsp;Le si\u00e8ge social est situ\u00e9 \u00e0 Leuze en Hainaut&nbsp;et a \u00e9t\u00e9 cr\u00e9\u00e9 il y a 40 ans, exactement le 20 mai 1982.<\/p>\n\n\n\n<p class=\"has-text-align-left\">Aujourd&rsquo;hui, 40 ans plus tard, l&rsquo;ASBL continue toujours&nbsp;ses actions&nbsp;au Burkina.<\/p>\n\n\n\n<p class=\"has-text-align-left\">Son objectif est principalement d&rsquo;aider la population, les enfants et les jeunes adolescents&nbsp;\u00e0 vivre en autonomie. Pour cela, elle a&nbsp; contribu\u00e9 \u00e0 l&rsquo;\u00e9laboration de forages qui fournissent de l&rsquo;EAU POTABLE.<\/p>\n\n\n\n<p class=\"has-text-align-left\">Le but second de l&rsquo;ASBL&nbsp;est l&rsquo;\u00e9ducation&nbsp;et la formation des enfants et des jeunes, pour cela, la construction d&rsquo;\u00e9coles a \u00e9t\u00e9 n\u00e9cessaire et indispensable. Enfin,&nbsp;autour du forage, des mara\u00eechages, des vergers, des cultures ont&nbsp;permis aux paysans de subvenir \u00e0 leur besoin nutritionnel, \u00e9conomique et environnemental.<\/p>\n\n\n\n<p class=\"has-text-align-center\"><\/p>\n\n\n\n<div class=\"wp-block-buttons is-layout-flex wp-block-buttons-is-layout-flex\">\n<div class=\"wp-block-button\"><a class=\"wp-block-button__link wp-element-button\" href=\"https:\/\/solidarite-au-sahel.be\/index.php\/a-propos-de-nous\/\">en savoir +<\/a><\/div>\n<\/div>\n\n\n\n<div style=\"height:55px\" aria-hidden=\"true\" class=\"wp-block-spacer\"><\/div>\n\n\n\n<div class=\"wp-block-group alignfull has-background\" style=\"background-color:#dbc6b2\"><div class=\"wp-block-group__inner-container is-layout-constrained wp-block-group-is-layout-constrained\">\n<div class=\"wp-block-group\"><div class=\"wp-block-group__inner-container is-layout-constrained wp-block-group-is-layout-constrained\">\n<h2 class=\"wp-block-heading has-text-align-center\">Agenda<\/h2>\n\n\n\n<div class=\"wp-block-group\"><div class=\"wp-block-group__inner-container is-layout-constrained wp-block-group-is-layout-constrained\"><div class=\"wp-block-image\">\n<figure class=\"aligncenter size-full\"><img loading=\"lazy\" decoding=\"async\" width=\"500\" height=\"707\" src=\"https:\/\/solidarite-au-sahel.be\/wp-content\/uploads\/2025\/06\/festifaso12.jpg\" alt=\"\" class=\"wp-image-886\" srcset=\"https:\/\/solidarite-au-sahel.be\/wp-content\/uploads\/2025\/06\/festifaso12.jpg 500w, https:\/\/solidarite-au-sahel.be\/wp-content\/uploads\/2025\/06\/festifaso12-212x300.jpg 212w\" sizes=\"auto, (max-width: 500px) 100vw, 500px\" \/><\/figure>\n<\/div><\/div><\/div>\n<\/div><\/div>\n<\/div><\/div>\n\n\n\n<div class=\"wp-block-group alignfull has-black-background-color has-background\"><div class=\"wp-block-group__inner-container is-layout-constrained wp-block-group-is-layout-constrained\">\n<h2 class=\"wp-block-heading has-text-align-center has-white-color has-text-color has-x-large-font-size\"><strong>Revue<\/strong>s<\/h2>\n\n\n<div class=\"wp-block-image revue-link\">\n<figure class=\"aligncenter size-full\"><a href=\"https:\/\/www.solidarite-au-sahel.be\/statics\/pdf\/revue104.pdf\" target=\"_blank\" rel=\"noreferrer noopener\"><img loading=\"lazy\" decoding=\"async\" width=\"797\" height=\"652\" src=\"http:\/\/solidarite-au-sahel.be\/wp-content\/uploads\/2023\/01\/revue104.jpg\" alt=\"\" class=\"wp-image-84\" srcset=\"https:\/\/solidarite-au-sahel.be\/wp-content\/uploads\/2023\/01\/revue104.jpg 797w, https:\/\/solidarite-au-sahel.be\/wp-content\/uploads\/2023\/01\/revue104-300x245.jpg 300w, https:\/\/solidarite-au-sahel.be\/wp-content\/uploads\/2023\/01\/revue104-768x628.jpg 768w\" sizes=\"auto, (max-width: 797px) 100vw, 797px\" \/><\/a><figcaption class=\"wp-element-caption\">Revue 104 &#8211; Janvier 2023<\/figcaption><\/figure>\n<\/div>\n\n\n<p><\/p>\n\n\n\n<figure class=\"wp-block-gallery aligncenter has-nested-images columns-default is-cropped wp-block-gallery-1 is-layout-flex wp-block-gallery-is-layout-flex\">\n<figure class=\"wp-block-image size-full\"><a href=\"https:\/\/www.solidarite-au-sahel.be\/statics\/pdf\/revue103.pdf\" target=\"_blank\" rel=\"noreferrer noopener\"><img loading=\"lazy\" decoding=\"async\" width=\"375\" height=\"281\" data-id=\"113\" src=\"http:\/\/solidarite-au-sahel.be\/wp-content\/uploads\/2023\/01\/revue103.jpg\" alt=\"\" class=\"wp-image-113\" srcset=\"https:\/\/solidarite-au-sahel.be\/wp-content\/uploads\/2023\/01\/revue103.jpg 375w, https:\/\/solidarite-au-sahel.be\/wp-content\/uploads\/2023\/01\/revue103-300x225.jpg 300w\" sizes=\"auto, (max-width: 375px) 100vw, 375px\" \/><\/a><\/figure>\n\n\n\n<figure class=\"wp-block-image size-full\"><a href=\"https:\/\/www.solidarite-au-sahel.be\/statics\/pdf\/revue102.pdf\" target=\"_blank\" rel=\"noreferrer noopener\"><img loading=\"lazy\" decoding=\"async\" width=\"375\" height=\"281\" data-id=\"114\" src=\"http:\/\/solidarite-au-sahel.be\/wp-content\/uploads\/2023\/01\/revue102.jpg\" alt=\"\" class=\"wp-image-114\" srcset=\"https:\/\/solidarite-au-sahel.be\/wp-content\/uploads\/2023\/01\/revue102.jpg 375w, https:\/\/solidarite-au-sahel.be\/wp-content\/uploads\/2023\/01\/revue102-300x225.jpg 300w\" sizes=\"auto, (max-width: 375px) 100vw, 375px\" \/><\/a><\/figure>\n\n\n\n<figure class=\"wp-block-image size-full\"><a href=\"https:\/\/www.solidarite-au-sahel.be\/statics\/pdf\/revue101.pdf\" target=\"_blank\" rel=\"noreferrer noopener\"><img loading=\"lazy\" decoding=\"async\" width=\"375\" height=\"281\" data-id=\"115\" src=\"http:\/\/solidarite-au-sahel.be\/wp-content\/uploads\/2023\/01\/revue101.jpg\" alt=\"\" class=\"wp-image-115\" srcset=\"https:\/\/solidarite-au-sahel.be\/wp-content\/uploads\/2023\/01\/revue101.jpg 375w, https:\/\/solidarite-au-sahel.be\/wp-content\/uploads\/2023\/01\/revue101-300x225.jpg 300w\" sizes=\"auto, (max-width: 375px) 100vw, 375px\" \/><\/a><\/figure>\n<\/figure>\n<\/div><\/div>\n\n\n\n<div class=\"wp-block-cover alignfull is-light has-parallax is-position-center-center\" style=\"min-height:375px;aspect-ratio:unset;\"><div class=\"wp-block-cover__image-background wp-image-122 has-parallax\" style=\"background-position:50% 50%;background-image:url(http:\/\/solidarite-au-sahel.be\/wp-content\/uploads\/2023\/01\/IMG_0188-scaled.jpg)\"><\/div><span aria-hidden=\"true\" class=\"wp-block-cover__background has-black-background-color has-background-dim-40 has-background-dim\"><\/span><div class=\"wp-block-cover__inner-container is-layout-flow wp-block-cover-is-layout-flow\">\n<p class=\"has-text-align-center has-text-color has-huge-font-size\" style=\"color:#fffffa;line-height:1.1\"><strong><strong>COMMENT NOUS SOUTENIR ?<\/strong><\/strong><\/p>\n\n\n\n<div class=\"wp-block-buttons is-horizontal is-content-justification-center is-layout-flex wp-container-core-buttons-is-layout-499968f5 wp-block-buttons-is-layout-flex\">\n<div class=\"wp-block-button is-style-outline is-style-outline--2\"><a class=\"wp-block-button__link has-white-color has-text-color wp-element-button\" href=\"https:\/\/solidarite-au-sahel.be\/index.php\/nous-soutenir\/\">Vous pouvez&#8230;<\/a><\/div>\n<\/div>\n<\/div><\/div>\n","protected":false},"excerpt":{"rendered":"<p>Notre ASBL&nbsp;\u00ab\u00a0SAS\u00a0\u00bb ou \u00ab\u00a0Solidarit\u00e9 au Sahel\u00a0\u00bb d\u00e9veloppe des actions au Burkina Faso en partenariat avec la Haute Ecole Condorcet, la BWI, la Fondation roi Baudouin et BPost. &nbsp;Le si\u00e8ge social est situ\u00e9 \u00e0 Leuze en Hainaut&nbsp;et a \u00e9t\u00e9 cr\u00e9\u00e9 il y a 40 ans, exactement le 20 mai 1982. Aujourd&rsquo;hui, 40 ans plus tard, l&rsquo;ASBL &hellip; <\/p>\n<p class=\"link-more\"><a href=\"https:\/\/solidarite-au-sahel.be\/\" class=\"more-link\">Lire la suite de<span class=\"screen-reader-text\">\u00ab\u00a0Qui sommes-nous ?\u00a0\u00bb<\/span><\/a><\/p>\n","protected":false},"author":1,"featured_media":466,"parent":0,"menu_order":0,"comment_status":"closed","ping_status":"closed","template":"","meta":{"footnotes":""},"class_list":["post-6","page","type-page","status-publish","has-post-thumbnail","hentry"],"_links":{"self":[{"href":"https:\/\/solidarite-au-sahel.be\/index.php\/wp-json\/wp\/v2\/pages\/6","targetHints":{"allow":["GET"]}}],"collection":[{"href":"https:\/\/solidarite-au-sahel.be\/index.php\/wp-json\/wp\/v2\/pages"}],"about":[{"href":"https:\/\/solidarite-au-sahel.be\/index.php\/wp-json\/wp\/v2\/types\/page"}],"author":[{"embeddable":true,"href":"https:\/\/solidarite-au-sahel.be\/index.php\/wp-json\/wp\/v2\/users\/1"}],"replies":[{"embeddable":true,"href":"https:\/\/solidarite-au-sahel.be\/index.php\/wp-json\/wp\/v2\/comments?post=6"}],"version-history":[{"count":96,"href":"https:\/\/solidarite-au-sahel.be\/index.php\/wp-json\/wp\/v2\/pages\/6\/revisions"}],"predecessor-version":[{"id":888,"href":"https:\/\/solidarite-au-sahel.be\/index.php\/wp-json\/wp\/v2\/pages\/6\/revisions\/888"}],"wp:featuredmedia":[{"embeddable":true,"href":"https:\/\/solidarite-au-sahel.be\/index.php\/wp-json\/wp\/v2\/media\/466"}],"wp:attachment":[{"href":"https:\/\/solidarite-au-sahel.be\/index.php\/wp-json\/wp\/v2\/media?parent=6"}],"curies":[{"name":"wp","href":"https:\/\/api.w.org\/{rel}","templated":true}]}}