{"id":621,"date":"2023-03-16T08:39:42","date_gmt":"2023-03-16T07:39:42","guid":{"rendered":"https:\/\/solidarite-au-sahel.be\/?page_id=621"},"modified":"2023-03-16T08:40:43","modified_gmt":"2023-03-16T07:40:43","slug":"retrospective","status":"publish","type":"page","link":"https:\/\/solidarite-au-sahel.be\/index.php\/retrospective\/","title":{"rendered":"<strong>R\u00e9trospective<\/strong>"},"content":{"rendered":"\n<p class=\"has-cyan-bluish-gray-color has-text-color has-small-font-size\"><a href=\"https:\/\/solidarite-au-sahel.be\/index.php\/a-propos-de-nous\/\">A propos de nous<\/a> | R\u00e9trospective<\/p>\n\n\n\n<div class=\"wp-block-columns is-layout-flex wp-container-core-columns-is-layout-9d6595d7 wp-block-columns-is-layout-flex\">\n<div class=\"wp-block-column is-layout-flow wp-block-column-is-layout-flow\">\n<figure class=\"wp-block-image size-full\"><img loading=\"lazy\" decoding=\"async\" width=\"362\" height=\"464\" src=\"http:\/\/solidarite-au-sahel.be\/wp-content\/uploads\/2023\/03\/retro.jpg\" alt=\"\" class=\"wp-image-456\" srcset=\"https:\/\/solidarite-au-sahel.be\/wp-content\/uploads\/2023\/03\/retro.jpg 362w, https:\/\/solidarite-au-sahel.be\/wp-content\/uploads\/2023\/03\/retro-234x300.jpg 234w\" sizes=\"auto, (max-width: 362px) 100vw, 362px\" \/><\/figure>\n<\/div>\n\n\n\n<div class=\"wp-block-column is-layout-flow wp-block-column-is-layout-flow\">\n<figure class=\"wp-block-image size-full\"><img loading=\"lazy\" decoding=\"async\" width=\"431\" height=\"304\" src=\"http:\/\/solidarite-au-sahel.be\/wp-content\/uploads\/2023\/03\/retro2.jpg\" alt=\"\" class=\"wp-image-457\" srcset=\"https:\/\/solidarite-au-sahel.be\/wp-content\/uploads\/2023\/03\/retro2.jpg 431w, https:\/\/solidarite-au-sahel.be\/wp-content\/uploads\/2023\/03\/retro2-300x212.jpg 300w\" sizes=\"auto, (max-width: 431px) 100vw, 431px\" \/><\/figure>\n<\/div>\n<\/div>\n\n\n\n<p>Depuis la fondation de l\u2019ASBL \u00ab SAS\u00bb en 1982 jusqu\u2019en 2001, les projets et les actions se limitaient \u00e0 des aides ponctuelles au village de Oury o\u00f9 Yves Dujardin, un missionnaire natif de Leuze, avait \u00e9migr\u00e9.<\/p>\n\n\n\n<p>Messieurs Taquet, Delforge et le Dr Vangeebergen se r\u00e9unissaient pour envoyer des m\u00e9dicaments, du mat\u00e9riel scolaire et des v\u00eatements de b\u00e9b\u00e9s dans ce village de brousse au Burkina.<\/p>\n\n\n\n<div class=\"wp-block-columns is-layout-flex wp-container-core-columns-is-layout-9d6595d7 wp-block-columns-is-layout-flex\">\n<div class=\"wp-block-column is-layout-flow wp-block-column-is-layout-flow\"><div class=\"wp-block-image\">\n<figure class=\"aligncenter size-full\"><img loading=\"lazy\" decoding=\"async\" width=\"295\" height=\"295\" src=\"http:\/\/solidarite-au-sahel.be\/wp-content\/uploads\/2023\/03\/taquet.jpg\" alt=\"\" class=\"wp-image-491\" srcset=\"https:\/\/solidarite-au-sahel.be\/wp-content\/uploads\/2023\/03\/taquet.jpg 295w, https:\/\/solidarite-au-sahel.be\/wp-content\/uploads\/2023\/03\/taquet-150x150.jpg 150w\" sizes=\"auto, (max-width: 295px) 100vw, 295px\" \/><figcaption class=\"wp-element-caption\">Francis Taquet<\/figcaption><\/figure>\n<\/div><\/div>\n\n\n\n<div class=\"wp-block-column is-layout-flow wp-block-column-is-layout-flow\">\n<figure class=\"wp-block-image size-full\"><img loading=\"lazy\" decoding=\"async\" width=\"295\" height=\"295\" src=\"http:\/\/solidarite-au-sahel.be\/wp-content\/uploads\/2023\/03\/vangeebergen.jpg\" alt=\"\" class=\"wp-image-492\" srcset=\"https:\/\/solidarite-au-sahel.be\/wp-content\/uploads\/2023\/03\/vangeebergen.jpg 295w, https:\/\/solidarite-au-sahel.be\/wp-content\/uploads\/2023\/03\/vangeebergen-150x150.jpg 150w\" sizes=\"auto, (max-width: 295px) 100vw, 295px\" \/><figcaption class=\"wp-element-caption\">Philippe Vangeebergen<\/figcaption><\/figure>\n<\/div>\n\n\n\n<div class=\"wp-block-column is-layout-flow wp-block-column-is-layout-flow\">\n<figure class=\"wp-block-image size-full\"><img loading=\"lazy\" decoding=\"async\" width=\"295\" height=\"295\" src=\"http:\/\/solidarite-au-sahel.be\/wp-content\/uploads\/2023\/03\/delforge.jpg\" alt=\"\" class=\"wp-image-490\" srcset=\"https:\/\/solidarite-au-sahel.be\/wp-content\/uploads\/2023\/03\/delforge.jpg 295w, https:\/\/solidarite-au-sahel.be\/wp-content\/uploads\/2023\/03\/delforge-150x150.jpg 150w\" sizes=\"auto, (max-width: 295px) 100vw, 295px\" \/><figcaption class=\"wp-element-caption\">Fr\u00e9d\u00e9ric Delforge<\/figcaption><\/figure>\n<\/div>\n\n\n\n<div class=\"wp-block-column is-layout-flow wp-block-column-is-layout-flow\"><\/div>\n\n\n\n<div class=\"wp-block-column is-layout-flow wp-block-column-is-layout-flow\"><\/div>\n<\/div>\n\n\n\n<div class=\"wp-block-group alignfull has-background\" style=\"background-color:#dbc6b2\"><div class=\"wp-block-group__inner-container is-layout-flow wp-block-group-is-layout-flow\">\n<h5 class=\"has-text-align-center wp-block-heading\">Afin de subvenir aux frais d\u2019envoi, des collectes de capsules et&nbsp; de v\u00eatements&nbsp; \u00e9taient organis\u00e9es.<\/h5>\n\n\n\n<div class=\"wp-block-group is-nowrap is-layout-flex wp-container-core-group-is-layout-64989fb1 wp-block-group-is-layout-flex\">\n<figure class=\"wp-block-image size-full\"><img loading=\"lazy\" decoding=\"async\" width=\"320\" height=\"186\" src=\"http:\/\/solidarite-au-sahel.be\/wp-content\/uploads\/2023\/03\/collecte01.jpg\" alt=\"\" class=\"wp-image-432\" srcset=\"https:\/\/solidarite-au-sahel.be\/wp-content\/uploads\/2023\/03\/collecte01.jpg 320w, https:\/\/solidarite-au-sahel.be\/wp-content\/uploads\/2023\/03\/collecte01-300x174.jpg 300w\" sizes=\"auto, (max-width: 320px) 100vw, 320px\" \/><\/figure>\n\n\n\n<figure class=\"wp-block-image size-full\"><img loading=\"lazy\" decoding=\"async\" width=\"242\" height=\"186\" src=\"https:\/\/solidarite-au-sahel.be\/wp-content\/uploads\/2023\/03\/collecte02-1.jpg\" alt=\"\" class=\"wp-image-524\"\/><\/figure>\n<\/div>\n\n\n\n<hr class=\"wp-block-separator has-text-color has-white-color has-alpha-channel-opacity has-white-background-color has-background is-style-default\"\/>\n\n\n\n<h5 class=\"has-text-align-center wp-block-heading\">Chaque ann\u00e9e, ORTHOFAUTE r\u00e9unissait des amateurs d\u2019orthographe dans une ambiance conviviale.<\/h5>\n\n\n\n<div class=\"wp-block-group is-nowrap is-layout-flex wp-container-core-group-is-layout-64989fb1 wp-block-group-is-layout-flex\">\n<figure class=\"wp-block-image size-full\"><img loading=\"lazy\" decoding=\"async\" width=\"292\" height=\"202\" src=\"http:\/\/solidarite-au-sahel.be\/wp-content\/uploads\/2023\/03\/orthofaute01.jpg\" alt=\"\" class=\"wp-image-451\"\/><\/figure>\n\n\n\n<figure class=\"wp-block-image size-full\"><img loading=\"lazy\" decoding=\"async\" width=\"302\" height=\"298\" src=\"http:\/\/solidarite-au-sahel.be\/wp-content\/uploads\/2023\/03\/orthofaute02.jpg\" alt=\"\" class=\"wp-image-452\" srcset=\"https:\/\/solidarite-au-sahel.be\/wp-content\/uploads\/2023\/03\/orthofaute02.jpg 302w, https:\/\/solidarite-au-sahel.be\/wp-content\/uploads\/2023\/03\/orthofaute02-300x296.jpg 300w\" sizes=\"auto, (max-width: 302px) 100vw, 302px\" \/><\/figure>\n<\/div>\n<\/div><\/div>\n","protected":false},"excerpt":{"rendered":"<p>A propos de nous | R\u00e9trospective Depuis la fondation de l\u2019ASBL \u00ab SAS\u00bb en 1982 jusqu\u2019en 2001, les projets et les actions se limitaient \u00e0 des aides ponctuelles au village de Oury o\u00f9 Yves Dujardin, un missionnaire natif de Leuze, avait \u00e9migr\u00e9. Messieurs Taquet, Delforge et le Dr Vangeebergen se r\u00e9unissaient pour envoyer des m\u00e9dicaments, &hellip; <\/p>\n<p class=\"link-more\"><a href=\"https:\/\/solidarite-au-sahel.be\/index.php\/retrospective\/\" class=\"more-link\">Lire la suite de<span class=\"screen-reader-text\">\u00ab\u00a0<strong>R\u00e9trospective<\/strong>\u00a0\u00bb<\/span><\/a><\/p>\n","protected":false},"author":1,"featured_media":466,"parent":0,"menu_order":0,"comment_status":"closed","ping_status":"closed","template":"","meta":{"footnotes":""},"class_list":["post-621","page","type-page","status-publish","has-post-thumbnail","hentry"],"_links":{"self":[{"href":"https:\/\/solidarite-au-sahel.be\/index.php\/wp-json\/wp\/v2\/pages\/621","targetHints":{"allow":["GET"]}}],"collection":[{"href":"https:\/\/solidarite-au-sahel.be\/index.php\/wp-json\/wp\/v2\/pages"}],"about":[{"href":"https:\/\/solidarite-au-sahel.be\/index.php\/wp-json\/wp\/v2\/types\/page"}],"author":[{"embeddable":true,"href":"https:\/\/solidarite-au-sahel.be\/index.php\/wp-json\/wp\/v2\/users\/1"}],"replies":[{"embeddable":true,"href":"https:\/\/solidarite-au-sahel.be\/index.php\/wp-json\/wp\/v2\/comments?post=621"}],"version-history":[{"count":4,"href":"https:\/\/solidarite-au-sahel.be\/index.php\/wp-json\/wp\/v2\/pages\/621\/revisions"}],"predecessor-version":[{"id":625,"href":"https:\/\/solidarite-au-sahel.be\/index.php\/wp-json\/wp\/v2\/pages\/621\/revisions\/625"}],"wp:featuredmedia":[{"embeddable":true,"href":"https:\/\/solidarite-au-sahel.be\/index.php\/wp-json\/wp\/v2\/media\/466"}],"wp:attachment":[{"href":"https:\/\/solidarite-au-sahel.be\/index.php\/wp-json\/wp\/v2\/media?parent=621"}],"curies":[{"name":"wp","href":"https:\/\/api.w.org\/{rel}","templated":true}]}}