{"id":642,"date":"2023-03-16T09:04:01","date_gmt":"2023-03-16T08:04:01","guid":{"rendered":"https:\/\/solidarite-au-sahel.be\/?page_id=642"},"modified":"2023-11-21T08:14:52","modified_gmt":"2023-11-21T07:14:52","slug":"projets-actuels","status":"publish","type":"page","link":"https:\/\/solidarite-au-sahel.be\/index.php\/projets-actuels\/","title":{"rendered":"Projets actuels"},"content":{"rendered":"\n<p class=\"has-cyan-bluish-gray-color has-text-color has-small-font-size\"><a href=\"https:\/\/solidarite-au-sahel.be\/index.php\/nos-actions\/\">Nos actions<\/a> | Projets actuels<\/p>\n\n\n\n<div class=\"wp-block-group alignfull has-white-background-color has-background\"><div class=\"wp-block-group__inner-container is-layout-flow wp-block-group-is-layout-flow\">\n<h2 class=\"wp-block-heading has-text-align-left\"><strong>Koubri<\/strong><\/h2>\n\n\n\n<p>En 2016, plusieurs jeunes de notre ASBL, Marie, Cynthia, Pauline, Simon et Myrtille ont d\u00e9couvert le Burkina Faso.<\/p>\n\n\n\n<p>Ils ont rencontr\u00e9 Cl\u00e9ment Ouedraogo, pr\u00e9sident de l\u2019ASECD, une importante ONG. Celle-ci fournit de la nourriture et des soins \u00e0 des enfants et adolescents des rues de Ougadougou. Ces jeunes recevaient aussi des cours et une formation en vue de travaux de tous genres. Le soir, tous repartaient dans les rues et erraient \u00e7\u00e0 et l\u00e0, \u00e0 la proie de certains pr\u00e9dateurs et retrouvaient une ins\u00e9curit\u00e9 propre \u00e0 tous les dangers.<\/p>\n\n\n\n<div style=\"height:30px\" aria-hidden=\"true\" class=\"wp-block-spacer\"><\/div>\n\n\n\n<div class=\"wp-block-group is-nowrap is-layout-flex wp-container-core-group-is-layout-ad2f72ca wp-block-group-is-layout-flex\">\n<figure class=\"wp-block-image size-full\"><img loading=\"lazy\" decoding=\"async\" width=\"169\" height=\"200\" src=\"https:\/\/solidarite-au-sahel.be\/wp-content\/uploads\/2023\/03\/pauline.jpg\" alt=\"\" class=\"wp-image-645\"\/><figcaption class=\"wp-element-caption\">Pauline<\/figcaption><\/figure>\n\n\n\n<figure class=\"wp-block-image size-full\"><img loading=\"lazy\" decoding=\"async\" width=\"169\" height=\"200\" src=\"http:\/\/solidarite-au-sahel.be\/wp-content\/uploads\/2023\/03\/cynthia.jpg\" alt=\"\" class=\"wp-image-646\"\/><figcaption class=\"wp-element-caption\">Cynthia<\/figcaption><\/figure>\n\n\n\n<figure class=\"wp-block-image size-full\"><img loading=\"lazy\" decoding=\"async\" width=\"169\" height=\"200\" src=\"https:\/\/solidarite-au-sahel.be\/wp-content\/uploads\/2023\/03\/marie.jpg\" alt=\"\" class=\"wp-image-647\"\/><figcaption class=\"wp-element-caption\">Marie<\/figcaption><\/figure>\n<\/div>\n\n\n\n<div class=\"wp-block-group is-nowrap is-layout-flex wp-container-core-group-is-layout-ad2f72ca wp-block-group-is-layout-flex\">\n<figure class=\"wp-block-image size-full\"><img loading=\"lazy\" decoding=\"async\" width=\"169\" height=\"200\" src=\"https:\/\/solidarite-au-sahel.be\/wp-content\/uploads\/2023\/03\/myrtille.jpg\" alt=\"\" class=\"wp-image-648\"\/><figcaption class=\"wp-element-caption\">Myrtille<\/figcaption><\/figure>\n\n\n\n<figure class=\"wp-block-image size-full\"><img loading=\"lazy\" decoding=\"async\" width=\"169\" height=\"200\" src=\"https:\/\/solidarite-au-sahel.be\/wp-content\/uploads\/2023\/03\/simon.jpg\" alt=\"\" class=\"wp-image-649\"\/><figcaption class=\"wp-element-caption\">Simon<\/figcaption><\/figure>\n\n\n\n<figure class=\"wp-block-image size-full\"><img loading=\"lazy\" decoding=\"async\" width=\"169\" height=\"200\" src=\"https:\/\/solidarite-au-sahel.be\/wp-content\/uploads\/2023\/03\/clement.jpg\" alt=\"\" class=\"wp-image-650\"\/><figcaption class=\"wp-element-caption\">Cl\u00e9ment<\/figcaption><\/figure>\n<\/div>\n<\/div><\/div>\n\n\n\n<div class=\"wp-block-group alignfull has-background is-vertical is-content-justification-center is-layout-flex wp-container-core-group-is-layout-4b2eccd6 wp-block-group-is-layout-flex\" style=\"background-color:#dbc6b2\">\n<h2 class=\"wp-block-heading has-text-align-center\">Une id\u00e9e a germ\u00e9 chez Pauline : <strong>un internat est n\u00e9cessaire<\/strong> !!<\/h2>\n\n\n<div class=\"wp-block-image\">\n<figure class=\"aligncenter size-full\"><img loading=\"lazy\" decoding=\"async\" width=\"567\" height=\"425\" src=\"https:\/\/solidarite-au-sahel.be\/wp-content\/uploads\/2023\/03\/internat.jpg\" alt=\"\" class=\"wp-image-655\" srcset=\"https:\/\/solidarite-au-sahel.be\/wp-content\/uploads\/2023\/03\/internat.jpg 567w, https:\/\/solidarite-au-sahel.be\/wp-content\/uploads\/2023\/03\/internat-300x225.jpg 300w\" sizes=\"auto, (max-width: 567px) 100vw, 567px\" \/><\/figure>\n<\/div><\/div>\n\n\n\n<div class=\"wp-block-group alignfull has-background\" style=\"background-color:#f5e9dd\"><div class=\"wp-block-group__inner-container is-layout-flow wp-block-group-is-layout-flow\">\n<p>Mais comment arriver \u00e0 ce projet&nbsp;? Non, ce ne fut pas une utopie&nbsp;! Deux ans plus tard un abri de nuit \u00e9tait construit, car Cl\u00e9ment avait re\u00e7u un terrain important.<\/p>\n\n\n\n<p>Le b\u00e2timent a \u00e9t\u00e9&nbsp; b\u00e2ti sur fonds propres. Gr\u00e2ce \u00e0 Claire Avril,&nbsp; qui a r\u00e9pondu \u00e0 un appel \u00e0 projet de la WBI (Wallonie\/ Bruxelles \/ International), l\u2019internat a pu voir le jour \u00e0 Koubri, un b\u00e2timent muni de latrines et de mat\u00e9riel sanitaire.<\/p>\n\n\n\n<p>Le forage fournit&nbsp; \u00e0 pr\u00e9sent un apport en eau et leur assure une autonomie totale. Ils&nbsp; disposent \u00e0 pr\u00e9sent de plusieurs potagers, d\u2019un verger et d\u2019un poulailler.&nbsp;<\/p>\n<\/div><\/div>\n\n\n\n<div style=\"height:40px\" aria-hidden=\"true\" class=\"wp-block-spacer\"><\/div>\n\n\n\n<div class=\"wp-block-group is-vertical is-content-justification-center is-layout-flex wp-container-core-group-is-layout-4b2eccd6 wp-block-group-is-layout-flex\">\n<div class=\"wp-block-group is-nowrap is-layout-flex wp-container-core-group-is-layout-ad2f72ca wp-block-group-is-layout-flex\">\n<figure class=\"wp-block-image size-full\"><img loading=\"lazy\" decoding=\"async\" width=\"268\" height=\"200\" src=\"https:\/\/solidarite-au-sahel.be\/wp-content\/uploads\/2023\/03\/koubri01.jpg\" alt=\"\" class=\"wp-image-673\"\/><\/figure>\n\n\n\n<figure class=\"wp-block-image size-full\"><img loading=\"lazy\" decoding=\"async\" width=\"268\" height=\"200\" src=\"https:\/\/solidarite-au-sahel.be\/wp-content\/uploads\/2023\/03\/koubri02.jpg\" alt=\"\" class=\"wp-image-674\"\/><\/figure>\n<\/div>\n<\/div>\n\n\n\n<div style=\"height:40px\" aria-hidden=\"true\" class=\"wp-block-spacer\"><\/div>\n\n\n\n<p>Toute l\u2019\u00e9quipe de Koubri, Cl\u00e9ment et Dalila, nos partenaires, Amado, le tr\u00e9sorier, et les ma\u00e7ons sont ravis de voir se terminer l\u2019\u00e9dification du dortoir pour les jeunes adolescents des rues de Ouagadougou, comme en t\u00e9moignent les photos ci-dessous prises par Damien, notre ambassadeur d\u00e9vou\u00e9.<\/p>\n\n\n\n<p>Tous remercient les donateurs, Madame Claire Avril, la WBI, les sympathisants pour leur soutien et leur collaboration et vous souhaitent de belles f\u00eates de No\u00ebl et de Nouvel An.<\/p>\n\n\n\n<p>Ce projet a \u00e9t\u00e9 initi\u00e9 par notre jeune pr\u00e9sidente Pauline Blyau et son \u00e9quipe de Jeunes du SAS. Le b\u00e2timent sera fonctionnel dans peu de temps. Quel d\u00e9fi et quel projet !! Mais apr\u00e8s quelques ann\u00e9es de maturit\u00e9, de concertations, de r\u00e9flexions et de travail d\u2019\u00e9quipe Nord-Sud, le voici sorti de terre.<\/p>\n\n\n\n<div style=\"height:40px\" aria-hidden=\"true\" class=\"wp-block-spacer\"><\/div>\n\n\n\n<div class=\"wp-block-group\"><div class=\"wp-block-group__inner-container is-layout-constrained wp-block-group-is-layout-constrained\">\n<div class=\"wp-block-group is-nowrap is-layout-flex wp-container-core-group-is-layout-ad2f72ca wp-block-group-is-layout-flex\">\n<figure class=\"wp-block-image size-full\"><img loading=\"lazy\" decoding=\"async\" width=\"268\" height=\"200\" src=\"https:\/\/solidarite-au-sahel.be\/wp-content\/uploads\/2023\/03\/koubri03.jpg\" alt=\"\" class=\"wp-image-687\"\/><\/figure>\n\n\n\n<figure class=\"wp-block-image size-full\"><img loading=\"lazy\" decoding=\"async\" width=\"268\" height=\"200\" src=\"https:\/\/solidarite-au-sahel.be\/wp-content\/uploads\/2023\/03\/koubri04.jpg\" alt=\"\" class=\"wp-image-688\"\/><\/figure>\n\n\n\n<figure class=\"wp-block-image size-full\"><img loading=\"lazy\" decoding=\"async\" width=\"268\" height=\"200\" src=\"https:\/\/solidarite-au-sahel.be\/wp-content\/uploads\/2023\/03\/koubri05.jpg\" alt=\"\" class=\"wp-image-689\"\/><\/figure>\n<\/div>\n<\/div><\/div>\n\n\n\n<p>Ce b\u00e2timent se situe au milieu d\u2019un jardin, d\u2019un potager et d\u2019un champ, le tout aliment\u00e9 par un puits. Le forage permet ainsi de faire verdir cette terre jadis inculte et st\u00e9rile.<\/p>\n\n\n\n<p>Le rapport de Damien est concluant. Depuis ses nombreuses visites au Burkina, jamais il n\u2019avait vu des plantations aussi florissantes :<\/p>\n\n\n\n<ul class=\"wp-block-list\">\n<li><strong>200 arbres :<\/strong> des bananiers, des manguiers, des papayers, des tangelos,<br>des arbres de karit\u00e9,\u2026.<\/li>\n\n\n\n<li><strong>des plantations : <\/strong>du ma\u00efs, des arachides, des haricots et du moringa.<\/li>\n<\/ul>\n\n\n\n<div class=\"wp-block-group is-nowrap is-layout-flex wp-container-core-group-is-layout-ad2f72ca wp-block-group-is-layout-flex\">\n<figure class=\"wp-block-image size-full\"><img loading=\"lazy\" decoding=\"async\" width=\"268\" height=\"200\" src=\"https:\/\/solidarite-au-sahel.be\/wp-content\/uploads\/2023\/03\/koubri06.jpg\" alt=\"\" class=\"wp-image-694\"\/><\/figure>\n\n\n\n<figure class=\"wp-block-image size-full\"><img loading=\"lazy\" decoding=\"async\" width=\"268\" height=\"200\" src=\"https:\/\/solidarite-au-sahel.be\/wp-content\/uploads\/2023\/03\/koubri07.jpg\" alt=\"\" class=\"wp-image-695\"\/><\/figure>\n\n\n\n<figure class=\"wp-block-image size-full\"><img loading=\"lazy\" decoding=\"async\" width=\"268\" height=\"200\" src=\"https:\/\/solidarite-au-sahel.be\/wp-content\/uploads\/2023\/03\/koubri08.jpg\" alt=\"\" class=\"wp-image-696\"\/><\/figure>\n<\/div>\n\n\n\n<div style=\"height:40px\" aria-hidden=\"true\" class=\"wp-block-spacer\"><\/div>\n\n\n\n<div class=\"wp-block-cover alignfull is-light has-parallax\"><span aria-hidden=\"true\" class=\"wp-block-cover__background has-background-dim\"><\/span><div role=\"img\" class=\"wp-block-cover__image-background wp-image-678 has-parallax\" style=\"background-position:50% 50%;background-image:url(http:\/\/solidarite-au-sahel.be\/wp-content\/uploads\/2023\/03\/095-La-route.jpg)\"><\/div><div class=\"wp-block-cover__inner-container is-layout-flow wp-block-cover-is-layout-flow\">\n<div class=\"wp-block-group has-white-color has-text-color\"><div class=\"wp-block-group__inner-container is-layout-constrained wp-block-group-is-layout-constrained\">\n<p class=\"has-medium-font-size\"><strong>Une autre bonne nouvelle vient de nous \u00eatre communiqu\u00e9e&nbsp;: les subsides pour le projet \u00ab&nbsp;poulailler&nbsp;\u00bb &nbsp;\u00e0 Koubri ont \u00e9t\u00e9 accord\u00e9s &nbsp;par la BWI.<\/strong><\/p>\n\n\n\n<p class=\"has-medium-font-size\"><strong>Un vif merci \u00e0&nbsp; notre collaboratrice Madame Avril, Charg\u00e9e des relations internationales et Ma\u00eetre assistant en cat\u00e9gorie agronomique&nbsp; \u00e0 HEPH-Condorcet, &nbsp;pour son travail et sa collaboration avec notre ASBL \u00ab&nbsp;Solidarit\u00e9 au Sahel&nbsp;\u00bb. <\/strong> &nbsp;&nbsp;<\/p>\n<\/div><\/div>\n<\/div><\/div>\n\n\n\n<div style=\"height:100px\" aria-hidden=\"true\" class=\"wp-block-spacer\"><\/div>\n\n\n\n<h2 class=\"wp-block-heading has-text-align-center\">Galerie photos<\/h2>\n\n\n\n<div style=\"height:30px\" aria-hidden=\"true\" class=\"wp-block-spacer\"><\/div>\n\n\n\n<div class=\"wp-block-group is-nowrap is-layout-flex wp-container-core-group-is-layout-ad2f72ca wp-block-group-is-layout-flex\">\n<figure class=\"wp-block-image size-thumbnail\"><a href=\"https:\/\/solidarite-au-sahel.be\/index.php\/koubry-avant\/\"><img loading=\"lazy\" decoding=\"async\" width=\"150\" height=\"150\" src=\"https:\/\/solidarite-au-sahel.be\/wp-content\/uploads\/2023\/03\/332332085_497593162584030_5761039390450762480_n-150x150.jpg\" alt=\"\" class=\"wp-image-615\"\/><\/a><figcaption class=\"wp-element-caption\">Koubry (avant)<\/figcaption><\/figure>\n\n\n\n<figure class=\"wp-block-image size-thumbnail\"><a href=\"https:\/\/solidarite-au-sahel.be\/index.php\/koubry-apres\/\"><img loading=\"lazy\" decoding=\"async\" width=\"150\" height=\"150\" src=\"https:\/\/solidarite-au-sahel.be\/wp-content\/uploads\/2023\/02\/331677128_738037947699646_5853010688742122233_n-150x150.jpg\" alt=\"\" class=\"wp-image-597\"\/><\/a><figcaption class=\"wp-element-caption\">Koubry (apr\u00e8s)<\/figcaption><\/figure>\n\n\n\n<figure class=\"wp-block-image size-thumbnail\"><a href=\"https:\/\/solidarite-au-sahel.be\/index.php\/koubry\/\"><img loading=\"lazy\" decoding=\"async\" width=\"150\" height=\"150\" src=\"https:\/\/solidarite-au-sahel.be\/wp-content\/uploads\/2023\/02\/IMG-20220222-WA0007-1-150x150.jpg\" alt=\"\" class=\"wp-image-302\"\/><\/a><figcaption class=\"wp-element-caption\">Verger et poulailler de Koubri<\/figcaption><\/figure>\n<\/div>\n\n\n\n<div style=\"height:100px\" aria-hidden=\"true\" class=\"wp-block-spacer\"><\/div>\n\n\n\n<div class=\"wp-block-group alignfull has-background is-vertical is-content-justification-center is-layout-flex wp-container-core-group-is-layout-4b2eccd6 wp-block-group-is-layout-flex\" style=\"background-color:#ec790a\">\n<div style=\"height:0px\" aria-hidden=\"true\" class=\"wp-block-spacer wp-container-content-28f0cd9b\"><\/div>\n\n\n\n<div class=\"wp-block-buttons is-layout-flex wp-block-buttons-is-layout-flex\">\n<div class=\"wp-block-button\"><a class=\"wp-block-button__link wp-element-button\" href=\"http:\/\/solidarite-au-sahel.be\/wp-content\/uploads\/2023\/03\/cartographie.jpg\" target=\"_blank\" rel=\"noreferrer noopener\" data-rel=\"lightbox-image-0\" data-rl_title=\"\" data-rl_caption=\"\" title=\"\">Cartographie de nos partenaires<\/a><\/div>\n<\/div>\n\n\n\n<div style=\"height:0px\" aria-hidden=\"true\" class=\"wp-block-spacer wp-container-content-28f0cd9b\"><\/div>\n<\/div>\n","protected":false},"excerpt":{"rendered":"<p>Nos actions | Projets actuels Koubri En 2016, plusieurs jeunes de notre ASBL, Marie, Cynthia, Pauline, Simon et Myrtille ont d\u00e9couvert le Burkina Faso. Ils ont rencontr\u00e9 Cl\u00e9ment Ouedraogo, pr\u00e9sident de l\u2019ASECD, une importante ONG. Celle-ci fournit de la nourriture et des soins \u00e0 des enfants et adolescents des rues de Ougadougou. Ces jeunes recevaient &hellip; <\/p>\n<p class=\"link-more\"><a href=\"https:\/\/solidarite-au-sahel.be\/index.php\/projets-actuels\/\" class=\"more-link\">Lire la suite de<span class=\"screen-reader-text\">\u00ab\u00a0Projets actuels\u00a0\u00bb<\/span><\/a><\/p>\n","protected":false},"author":1,"featured_media":597,"parent":0,"menu_order":0,"comment_status":"closed","ping_status":"closed","template":"","meta":{"footnotes":""},"class_list":["post-642","page","type-page","status-publish","has-post-thumbnail","hentry"],"_links":{"self":[{"href":"https:\/\/solidarite-au-sahel.be\/index.php\/wp-json\/wp\/v2\/pages\/642","targetHints":{"allow":["GET"]}}],"collection":[{"href":"https:\/\/solidarite-au-sahel.be\/index.php\/wp-json\/wp\/v2\/pages"}],"about":[{"href":"https:\/\/solidarite-au-sahel.be\/index.php\/wp-json\/wp\/v2\/types\/page"}],"author":[{"embeddable":true,"href":"https:\/\/solidarite-au-sahel.be\/index.php\/wp-json\/wp\/v2\/users\/1"}],"replies":[{"embeddable":true,"href":"https:\/\/solidarite-au-sahel.be\/index.php\/wp-json\/wp\/v2\/comments?post=642"}],"version-history":[{"count":44,"href":"https:\/\/solidarite-au-sahel.be\/index.php\/wp-json\/wp\/v2\/pages\/642\/revisions"}],"predecessor-version":[{"id":877,"href":"https:\/\/solidarite-au-sahel.be\/index.php\/wp-json\/wp\/v2\/pages\/642\/revisions\/877"}],"wp:featuredmedia":[{"embeddable":true,"href":"https:\/\/solidarite-au-sahel.be\/index.php\/wp-json\/wp\/v2\/media\/597"}],"wp:attachment":[{"href":"https:\/\/solidarite-au-sahel.be\/index.php\/wp-json\/wp\/v2\/media?parent=642"}],"curies":[{"name":"wp","href":"https:\/\/api.w.org\/{rel}","templated":true}]}}