{"id":721,"date":"2023-03-16T10:31:00","date_gmt":"2023-03-16T09:31:00","guid":{"rendered":"https:\/\/solidarite-au-sahel.be\/?page_id=721"},"modified":"2023-03-23T09:36:18","modified_gmt":"2023-03-23T08:36:18","slug":"projets-futurs","status":"publish","type":"page","link":"https:\/\/solidarite-au-sahel.be\/index.php\/projets-futurs\/","title":{"rendered":"Projets futurs"},"content":{"rendered":"\n<p class=\"has-cyan-bluish-gray-color has-text-color has-small-font-size\"><a href=\"https:\/\/solidarite-au-sahel.be\/index.php\/nos-actions\/\">Nos actions<\/a> | Projets futurs<\/p>\n\n\n\n<div class=\"wp-block-group alignfull has-white-background-color has-background\"><div class=\"wp-block-group__inner-container is-layout-flow wp-block-group-is-layout-flow\">\n<h2 class=\"has-text-align-left wp-block-heading\"><strong>Lumbila<\/strong><\/h2>\n\n\n\n<p><strong>2023<\/strong><\/p>\n\n\n\n<p><\/p>\n\n\n\n<div class=\"wp-block-columns is-layout-flex wp-container-core-columns-is-layout-9d6595d7 wp-block-columns-is-layout-flex\">\n<div class=\"wp-block-column is-layout-flow wp-block-column-is-layout-flow\" style=\"flex-basis:33.33%\">\n<figure class=\"wp-block-image size-full\"><img loading=\"lazy\" decoding=\"async\" width=\"349\" height=\"300\" src=\"https:\/\/solidarite-au-sahel.be\/wp-content\/uploads\/2023\/03\/dedougou.jpg\" alt=\"\" class=\"wp-image-749\" srcset=\"https:\/\/solidarite-au-sahel.be\/wp-content\/uploads\/2023\/03\/dedougou.jpg 349w, https:\/\/solidarite-au-sahel.be\/wp-content\/uploads\/2023\/03\/dedougou-300x258.jpg 300w\" sizes=\"auto, (max-width: 349px) 100vw, 349px\" \/><\/figure>\n<\/div>\n\n\n\n<div class=\"wp-block-column is-layout-flow wp-block-column-is-layout-flow\" style=\"flex-basis:66.66%\">\n<p>Nouveau projet de construction ou\/et de r\u00e9habilitation de b\u00e2timents \u00e0 Loumbila, en collaboration avec Jean Baptiste Tonde de l\u2019<strong>Association Gestion d\u2019Entreprises Formations et Education au D\u00e9veloppement<\/strong> (GEFED).<\/p>\n\n\n\n<p>Notre objectif pour ce projet est d&rsquo;offrir une formation int\u00e9gr\u00e9e et compl\u00e8te alliant th\u00e9orie et pratique, \u00e0 des jeunes porteurs de projets agricoles (16 jeunes \/an) dans le domaine de l\u2019agriculture, de l\u2019\u00e9levage et de la transformation agroalimentaire, \u00e0 travers la construction et l\u2019\u00e9quipement d\u2019un centre int\u00e9gr\u00e9 de formation avec internat.<\/p>\n<\/div>\n<\/div>\n\n\n\n<div class=\"wp-block-columns is-layout-flex wp-container-core-columns-is-layout-9d6595d7 wp-block-columns-is-layout-flex\">\n<div class=\"wp-block-column is-layout-flow wp-block-column-is-layout-flow\" style=\"flex-basis:66.66%\">\n<p>Afin de\u00a0 r\u00e9aliser le projet de Lumbila, l&rsquo;appui de l&rsquo;Ambassade est imp\u00e9ratif.\u00a0 Notre pr\u00e9sidente (Cynthia) et la vice-pr\u00e9sidente (Annick)\u00a0 ont rencontr\u00e9 l&rsquo;ambassadeur \u00e0 Bruxelles.<\/p>\n<\/div>\n\n\n\n<div class=\"wp-block-column is-layout-flow wp-block-column-is-layout-flow\" style=\"flex-basis:33.33%\">\n<figure class=\"wp-block-image size-full\"><img loading=\"lazy\" decoding=\"async\" width=\"640\" height=\"426\" src=\"https:\/\/solidarite-au-sahel.be\/wp-content\/uploads\/2023\/03\/ambassade.jpg\" alt=\"\" class=\"wp-image-853\" srcset=\"https:\/\/solidarite-au-sahel.be\/wp-content\/uploads\/2023\/03\/ambassade.jpg 640w, https:\/\/solidarite-au-sahel.be\/wp-content\/uploads\/2023\/03\/ambassade-300x200.jpg 300w\" sizes=\"auto, (max-width: 640px) 100vw, 640px\" \/><\/figure>\n<\/div>\n<\/div>\n\n\n\n<div style=\"height:20px\" aria-hidden=\"true\" class=\"wp-block-spacer\"><\/div>\n<\/div><\/div>\n\n\n\n<div class=\"wp-block-group alignfull has-background\" style=\"background-color:#dbc6b2\"><div class=\"wp-block-group__inner-container is-layout-constrained wp-block-group-is-layout-constrained\">\n<div style=\"height:20px\" aria-hidden=\"true\" class=\"wp-block-spacer\"><\/div>\n\n\n\n<p class=\"has-medium-font-size\"><strong>Les diff\u00e9rentes t\u00e2ches \u00e0 r\u00e9aliser :<\/strong><\/p>\n\n\n\n<ul class=\"wp-block-list\">\n<li>Mise en place d\u2019une cl\u00f4ture grillag\u00e9e en support m\u00e9tallique sur 4ha<\/li>\n\n\n\n<li>\u00c9quipement du forage en syst\u00e8me de pompage solaire et d\u2019un ch\u00e2teau d\u2019eau<\/li>\n\n\n\n<li>R\u00e9habilitation d\u2019un magasin de conservation<\/li>\n\n\n\n<li>Confection d\u2019\u00e9tag\u00e8res de conservation<\/li>\n\n\n\n<li>mise en place d\u2019un syst\u00e8me d&rsquo;irrigation<\/li>\n\n\n\n<li>Construction de logement d\u2019apprenants de 16 lits<\/li>\n\n\n\n<li>Construction de deux salles de classes<\/li>\n\n\n\n<li>Finition d\u2019un b\u00e2timent administratif<\/li>\n<\/ul>\n\n\n\n<div style=\"height:20px\" aria-hidden=\"true\" class=\"wp-block-spacer\"><\/div>\n<\/div><\/div>\n\n\n\n<div class=\"wp-block-group alignfull has-background\" style=\"background-color:#ec790a\"><div class=\"wp-block-group__inner-container is-layout-constrained wp-block-group-is-layout-constrained\">\n<div style=\"height:50px\" aria-hidden=\"true\" class=\"wp-block-spacer\"><\/div>\n\n\n\n<p class=\"has-text-align-center has-white-color has-text-color has-medium-font-size\"><strong>Ce projet repr\u00e9sente un co\u00fbt total de 81 000 euros.<\/strong> <br><strong>Nous cherchons donc des possibilit\u00e9s de subventions afin de pouvoir le r\u00e9aliser.<\/strong><\/p>\n\n\n\n<div style=\"height:40px\" aria-hidden=\"true\" class=\"wp-block-spacer\"><\/div>\n<\/div><\/div>\n\n\n\n<h2 class=\"wp-block-heading\">Le plan d&rsquo;am\u00e9nagement \u00e0 terme<\/h2>\n\n\n\n<figure class=\"wp-block-image size-large\"><a href=\"https:\/\/solidarite-au-sahel.be\/wp-content\/uploads\/2023\/03\/plan-3.jpg\" target=\"_blank\" rel=\"noreferrer noopener\" data-rel=\"lightbox-image-0\" data-rl_title=\"\" data-rl_caption=\"\" title=\"\"><img loading=\"lazy\" decoding=\"async\" width=\"1024\" height=\"594\" src=\"https:\/\/solidarite-au-sahel.be\/wp-content\/uploads\/2023\/03\/plan-3-1024x594.jpg\" alt=\"\" class=\"wp-image-729\" srcset=\"https:\/\/solidarite-au-sahel.be\/wp-content\/uploads\/2023\/03\/plan-3-1024x594.jpg 1024w, https:\/\/solidarite-au-sahel.be\/wp-content\/uploads\/2023\/03\/plan-3-300x174.jpg 300w, https:\/\/solidarite-au-sahel.be\/wp-content\/uploads\/2023\/03\/plan-3-768x445.jpg 768w, https:\/\/solidarite-au-sahel.be\/wp-content\/uploads\/2023\/03\/plan-3.jpg 1133w\" sizes=\"auto, (max-width: 1024px) 100vw, 1024px\" \/><\/a><\/figure>\n","protected":false},"excerpt":{"rendered":"<p>Nos actions | Projets futurs Lumbila 2023 Nouveau projet de construction ou\/et de r\u00e9habilitation de b\u00e2timents \u00e0 Loumbila, en collaboration avec Jean Baptiste Tonde de l\u2019Association Gestion d\u2019Entreprises Formations et Education au D\u00e9veloppement (GEFED). Notre objectif pour ce projet est d&rsquo;offrir une formation int\u00e9gr\u00e9e et compl\u00e8te alliant th\u00e9orie et pratique, \u00e0 des jeunes porteurs de &hellip; <\/p>\n<p class=\"link-more\"><a href=\"https:\/\/solidarite-au-sahel.be\/index.php\/projets-futurs\/\" class=\"more-link\">Lire la suite de<span class=\"screen-reader-text\">\u00ab\u00a0Projets futurs\u00a0\u00bb<\/span><\/a><\/p>\n","protected":false},"author":1,"featured_media":597,"parent":0,"menu_order":0,"comment_status":"closed","ping_status":"closed","template":"","meta":{"footnotes":""},"class_list":["post-721","page","type-page","status-publish","has-post-thumbnail","hentry"],"_links":{"self":[{"href":"https:\/\/solidarite-au-sahel.be\/index.php\/wp-json\/wp\/v2\/pages\/721","targetHints":{"allow":["GET"]}}],"collection":[{"href":"https:\/\/solidarite-au-sahel.be\/index.php\/wp-json\/wp\/v2\/pages"}],"about":[{"href":"https:\/\/solidarite-au-sahel.be\/index.php\/wp-json\/wp\/v2\/types\/page"}],"author":[{"embeddable":true,"href":"https:\/\/solidarite-au-sahel.be\/index.php\/wp-json\/wp\/v2\/users\/1"}],"replies":[{"embeddable":true,"href":"https:\/\/solidarite-au-sahel.be\/index.php\/wp-json\/wp\/v2\/comments?post=721"}],"version-history":[{"count":24,"href":"https:\/\/solidarite-au-sahel.be\/index.php\/wp-json\/wp\/v2\/pages\/721\/revisions"}],"predecessor-version":[{"id":854,"href":"https:\/\/solidarite-au-sahel.be\/index.php\/wp-json\/wp\/v2\/pages\/721\/revisions\/854"}],"wp:featuredmedia":[{"embeddable":true,"href":"https:\/\/solidarite-au-sahel.be\/index.php\/wp-json\/wp\/v2\/media\/597"}],"wp:attachment":[{"href":"https:\/\/solidarite-au-sahel.be\/index.php\/wp-json\/wp\/v2\/media?parent=721"}],"curies":[{"name":"wp","href":"https:\/\/api.w.org\/{rel}","templated":true}]}}