{"id":787,"date":"2023-03-21T16:40:36","date_gmt":"2023-03-21T15:40:36","guid":{"rendered":"https:\/\/solidarite-au-sahel.be\/?page_id=787"},"modified":"2023-03-21T16:46:29","modified_gmt":"2023-03-21T15:46:29","slug":"parrainages","status":"publish","type":"page","link":"https:\/\/solidarite-au-sahel.be\/index.php\/parrainages\/","title":{"rendered":"Les parrainages"},"content":{"rendered":"\n<div class=\"wp-block-group\"><div class=\"wp-block-group__inner-container is-layout-constrained wp-block-group-is-layout-constrained\">\n<p class=\"has-cyan-bluish-gray-color has-text-color has-small-font-size\"><a href=\"https:\/\/solidarite-au-sahel.be\/index.php\/nous-soutenir\/\">Nous soutenir<\/a> | Les parrainages<\/p>\n\n\n\n<p><strong>Au cours de ces ann\u00e9es pass\u00e9es, actuelles et futures,&nbsp; une trentaine d\u2019enfants et \u00e9tudiants&nbsp; de l\u2019ASCED peuvent &nbsp;jouir de l\u2019aide financi\u00e8re de \u00ab&nbsp;parrains&nbsp;\u00bb&nbsp; qui ont contribu\u00e9 \u00e0 leur \u00e9ducation et \u00e0 leur instruction.<\/strong><\/p>\n\n\n\n<p><strong><strong>L\u2019\u00e9ducation des femmes, des adultes et des enfants est le plus b\u00e9n\u00e9fique de tous les investissements que l\u2019on puisse faire dans les communaut\u00e9s des pays en voie de d\u00e9veloppement.<\/strong><\/strong><\/p>\n\n\n\n<div class=\"wp-block-buttons is-layout-flex wp-block-buttons-is-layout-flex\">\n<div class=\"wp-block-button has-custom-font-size has-medium-font-size\"><a class=\"wp-block-button__link has-luminous-vivid-orange-background-color has-background wp-element-button\" href=\"http:\/\/solidarite-au-sahel.be\/wp-content\/uploads\/2023\/03\/lettre-parrainage.pdf\" target=\"_blank\" rel=\"noreferrer noopener\">Envie de parrainer un enfant ?<\/a><\/div>\n<\/div>\n<\/div><\/div>\n\n\n\n<div style=\"height:40px\" aria-hidden=\"true\" class=\"wp-block-spacer\"><\/div>\n\n\n\n<div class=\"wp-block-group alignfull has-background\" style=\"background-color:#dbc6b2\"><div class=\"wp-block-group__inner-container is-layout-constrained wp-block-group-is-layout-constrained\">\n<div style=\"height:40px\" aria-hidden=\"true\" class=\"wp-block-spacer\"><\/div>\n\n\n\n<div class=\"wp-block-group\"><div class=\"wp-block-group__inner-container is-layout-constrained wp-block-group-is-layout-constrained\">\n<p><strong>Nous soutenons diff\u00e9rents parrainages \u00e0 l&rsquo;ASECD d\u2019enfants dans le besoin ou de jeunes \u00e9tudiants. Sans votre aide, ces enfants et jeunes seront contraints de retourner aux champs ou aux aides m\u00e9nag\u00e8res\u2026<\/strong><\/p>\n\n\n\n<p>Pour information, la scolarit\u00e9 d\u2019un enfant du primaire co\u00fbte 160\u20ac* et celle d\u2019un enfant du secondaire 190\u20ac*.<\/p>\n\n\n\n<p>* Ce prix garantit la scolarit\u00e9 en elle-m\u00eame, un repas complet par jour pour l\u2019enfant, des soins m\u00e9dicaux divers, des v\u00eatements ad\u00e9quats ainsi que des fournitures scolaires.<\/p>\n\n\n\n<div style=\"height:40px\" aria-hidden=\"true\" class=\"wp-block-spacer\"><\/div>\n<\/div><\/div>\n\n\n\n<div class=\"wp-block-columns is-layout-flex wp-container-core-columns-is-layout-9d6595d7 wp-block-columns-is-layout-flex\">\n<div class=\"wp-block-column is-layout-flow wp-block-column-is-layout-flow\">\n<figure class=\"wp-block-embed is-type-video is-provider-youtube wp-block-embed-youtube wp-embed-aspect-16-9 wp-has-aspect-ratio\"><div class=\"wp-block-embed__wrapper\">\n<iframe loading=\"lazy\" title=\"Madani 2e sup\" width=\"950\" height=\"534\" src=\"https:\/\/www.youtube.com\/embed\/pnGHGpQFYoY?feature=oembed\" frameborder=\"0\" allow=\"accelerometer; autoplay; clipboard-write; encrypted-media; gyroscope; picture-in-picture; web-share\" allowfullscreen><\/iframe>\n<\/div><\/figure>\n<\/div>\n\n\n\n<div class=\"wp-block-column is-layout-flow wp-block-column-is-layout-flow\">\n<figure class=\"wp-block-embed is-type-video is-provider-youtube wp-block-embed-youtube wp-embed-aspect-16-9 wp-has-aspect-ratio\"><div class=\"wp-block-embed__wrapper\">\n<iframe loading=\"lazy\" title=\"Abraham\" width=\"950\" height=\"534\" src=\"https:\/\/www.youtube.com\/embed\/p6iJwP2u0_4?feature=oembed\" frameborder=\"0\" allow=\"accelerometer; autoplay; clipboard-write; encrypted-media; gyroscope; picture-in-picture; web-share\" allowfullscreen><\/iframe>\n<\/div><\/figure>\n<\/div>\n\n\n\n<div class=\"wp-block-column is-layout-flow wp-block-column-is-layout-flow\">\n<figure class=\"wp-block-embed is-type-video is-provider-youtube wp-block-embed-youtube wp-embed-aspect-16-9 wp-has-aspect-ratio\"><div class=\"wp-block-embed__wrapper\">\n<iframe loading=\"lazy\" title=\"Leila CE2\" width=\"950\" height=\"534\" src=\"https:\/\/www.youtube.com\/embed\/4eqSXV_9BSw?feature=oembed\" frameborder=\"0\" allow=\"accelerometer; autoplay; clipboard-write; encrypted-media; gyroscope; picture-in-picture; web-share\" allowfullscreen><\/iframe>\n<\/div><\/figure>\n<\/div>\n<\/div>\n\n\n\n<div class=\"wp-block-columns is-layout-flex wp-container-core-columns-is-layout-9d6595d7 wp-block-columns-is-layout-flex\">\n<div class=\"wp-block-column is-layout-flow wp-block-column-is-layout-flow\">\n<figure class=\"wp-block-embed is-type-video is-provider-youtube wp-block-embed-youtube wp-embed-aspect-4-3 wp-has-aspect-ratio\"><div class=\"wp-block-embed__wrapper\">\n<iframe loading=\"lazy\" title=\"Adama (1)\" width=\"950\" height=\"713\" src=\"https:\/\/www.youtube.com\/embed\/gIi1dHCZg30?feature=oembed\" frameborder=\"0\" allow=\"accelerometer; autoplay; clipboard-write; encrypted-media; gyroscope; picture-in-picture; web-share\" allowfullscreen><\/iframe>\n<\/div><\/figure>\n<\/div>\n\n\n\n<div class=\"wp-block-column is-layout-flow wp-block-column-is-layout-flow\">\n<figure class=\"wp-block-embed is-type-video is-provider-youtube wp-block-embed-youtube wp-embed-aspect-4-3 wp-has-aspect-ratio\"><div class=\"wp-block-embed__wrapper\">\n<iframe loading=\"lazy\" title=\"Adama (2)\" width=\"950\" height=\"713\" src=\"https:\/\/www.youtube.com\/embed\/nKAZ0NGh3UY?feature=oembed\" frameborder=\"0\" allow=\"accelerometer; autoplay; clipboard-write; encrypted-media; gyroscope; picture-in-picture; web-share\" allowfullscreen><\/iframe>\n<\/div><\/figure>\n<\/div>\n\n\n\n<div class=\"wp-block-column is-layout-flow wp-block-column-is-layout-flow\">\n<figure class=\"wp-block-embed is-type-video is-provider-youtube wp-block-embed-youtube wp-embed-aspect-4-3 wp-has-aspect-ratio\"><div class=\"wp-block-embed__wrapper\">\n<iframe loading=\"lazy\" title=\"Adama (3)\" width=\"950\" height=\"713\" src=\"https:\/\/www.youtube.com\/embed\/dwxQ7Kp-SEU?feature=oembed\" frameborder=\"0\" allow=\"accelerometer; autoplay; clipboard-write; encrypted-media; gyroscope; picture-in-picture; web-share\" allowfullscreen><\/iframe>\n<\/div><\/figure>\n<\/div>\n<\/div>\n<\/div><\/div>\n","protected":false},"excerpt":{"rendered":"<p>Nous soutenir | Les parrainages Au cours de ces ann\u00e9es pass\u00e9es, actuelles et futures,&nbsp; une trentaine d\u2019enfants et \u00e9tudiants&nbsp; de l\u2019ASCED peuvent &nbsp;jouir de l\u2019aide financi\u00e8re de \u00ab&nbsp;parrains&nbsp;\u00bb&nbsp; qui ont contribu\u00e9 \u00e0 leur \u00e9ducation et \u00e0 leur instruction. L\u2019\u00e9ducation des femmes, des adultes et des enfants est le plus b\u00e9n\u00e9fique de tous les investissements que &hellip; <\/p>\n<p class=\"link-more\"><a href=\"https:\/\/solidarite-au-sahel.be\/index.php\/parrainages\/\" class=\"more-link\">Lire la suite de<span class=\"screen-reader-text\">\u00ab\u00a0Les parrainages\u00a0\u00bb<\/span><\/a><\/p>\n","protected":false},"author":1,"featured_media":179,"parent":0,"menu_order":0,"comment_status":"closed","ping_status":"closed","template":"","meta":{"footnotes":""},"class_list":["post-787","page","type-page","status-publish","has-post-thumbnail","hentry"],"_links":{"self":[{"href":"https:\/\/solidarite-au-sahel.be\/index.php\/wp-json\/wp\/v2\/pages\/787","targetHints":{"allow":["GET"]}}],"collection":[{"href":"https:\/\/solidarite-au-sahel.be\/index.php\/wp-json\/wp\/v2\/pages"}],"about":[{"href":"https:\/\/solidarite-au-sahel.be\/index.php\/wp-json\/wp\/v2\/types\/page"}],"author":[{"embeddable":true,"href":"https:\/\/solidarite-au-sahel.be\/index.php\/wp-json\/wp\/v2\/users\/1"}],"replies":[{"embeddable":true,"href":"https:\/\/solidarite-au-sahel.be\/index.php\/wp-json\/wp\/v2\/comments?post=787"}],"version-history":[{"count":5,"href":"https:\/\/solidarite-au-sahel.be\/index.php\/wp-json\/wp\/v2\/pages\/787\/revisions"}],"predecessor-version":[{"id":813,"href":"https:\/\/solidarite-au-sahel.be\/index.php\/wp-json\/wp\/v2\/pages\/787\/revisions\/813"}],"wp:featuredmedia":[{"embeddable":true,"href":"https:\/\/solidarite-au-sahel.be\/index.php\/wp-json\/wp\/v2\/media\/179"}],"wp:attachment":[{"href":"https:\/\/solidarite-au-sahel.be\/index.php\/wp-json\/wp\/v2\/media?parent=787"}],"curies":[{"name":"wp","href":"https:\/\/api.w.org\/{rel}","templated":true}]}}